{"id":1027,"date":"2021-04-18T15:26:27","date_gmt":"2021-04-18T15:26:27","guid":{"rendered":"https:\/\/accesofarm.com\/w\/?page_id=1027"},"modified":"2021-04-27T20:01:13","modified_gmt":"2021-04-27T20:01:13","slug":"pet-ct","status":"publish","type":"page","link":"https:\/\/accesofarm.com\/w\/pet-ct\/","title":{"rendered":"PET CT"},"content":{"rendered":"<p>[et_pb_section fb_built=\u00bb1&#8243; _builder_version=\u00bb4.9.4&#8243; _module_preset=\u00bbdefault\u00bb background_color_gradient_direction=\u00bb140deg\u00bb custom_margin=\u00bb||1px|||\u00bb][\/et_pb_section][et_pb_section fb_built=\u00bb1&#8243; _builder_version=\u00bb4.9.4&#8243; _module_preset=\u00bbdefault\u00bb use_background_color_gradient=\u00bbon\u00bb background_color_gradient_start=\u00bb#b6208c\u00bb background_color_gradient_end=\u00bb#d584bf\u00bb background_color_gradient_direction=\u00bb140deg\u00bb min_height=\u00bb105.2px\u00bb custom_padding=\u00bb||0px|||\u00bb custom_margin=\u00bb-46px|||||\u00bb][et_pb_row _builder_version=\u00bb4.9.3&#8243; _module_preset=\u00bbdefault\u00bb custom_padding=\u00bb18px||18px||true|\u00bb][et_pb_column type=\u00bb4_4&#8243; _builder_version=\u00bb4.9.3&#8243; _module_preset=\u00bbdefault\u00bb][et_pb_text _builder_version=\u00bb4.9.4&#8243; _module_preset=\u00bbdefault\u00bb background_layout=\u00bbdark\u00bb custom_margin=\u00bb15px|||||\u00bb custom_padding=\u00bb||8px|||\u00bb]<\/p>\n<h2 style=\"text-align: center;\">Medicina Nuclear &#8211; <strong>Spect CT y terapia <\/strong><\/h2>\n<h2 style=\"text-align: center;\"><strong>PET CT<\/strong><\/h2>\n<p>[\/et_pb_text][\/et_pb_column][\/et_pb_row][\/et_pb_section][et_pb_section fb_built=\u00bb1&#8243; _builder_version=\u00bb4.9.3&#8243; _module_preset=\u00bbdefault\u00bb background_enable_color=\u00bboff\u00bb][et_pb_row column_structure=\u00bb1_5,1_5,1_5,1_5,1_5&#8243; _builder_version=\u00bb4.9.3&#8243; _module_preset=\u00bbdefault\u00bb width=\u00bb100%\u00bb max_width=\u00bb1583px\u00bb custom_margin=\u00bb|auto|61px|auto||\u00bb custom_padding=\u00bb45px|||||\u00bb][et_pb_column type=\u00bb1_5&#8243; _builder_version=\u00bb4.9.3&#8243; _module_preset=\u00bbdefault\u00bb][\/et_pb_column][et_pb_column type=\u00bb1_5&#8243; _builder_version=\u00bb4.9.3&#8243; _module_preset=\u00bbdefault\u00bb][et_pb_text _builder_version=\u00bb4.9.4&#8243; _module_preset=\u00bbdefault\u00bb background_color=\u00bb#c382d0&#8243; custom_margin=\u00bb0px|0px|14px|0px|false|false\u00bb]<\/p>\n<h3 style=\"text-align: center;\"><\/h3>\n<h3 style=\"text-align: center;\">18F-FDG<\/h3>\n<p>[\/et_pb_text][et_pb_button button_url=\u00bb#fdg\u00bb button_text=\u00bbM\u00e1s informaci\u00f3n\u00bb button_alignment=\u00bbcenter\u00bb _builder_version=\u00bb4.9.4&#8243; _module_preset=\u00bbdefault\u00bb custom_button=\u00bbon\u00bb button_border_radius=\u00bb10px\u00bb button_icon=\u00bb%%47%%\u00bb custom_margin=\u00bb||7px|||\u00bb][\/et_pb_button][et_pb_text _builder_version=\u00bb4.9.4&#8243; _module_preset=\u00bbdefault\u00bb background_color=\u00bb#9ccbb6&#8243; min_height=\u00bb31px\u00bb custom_margin=\u00bb20px|0px||0px|false|false\u00bb custom_padding=\u00bb|0px|||false|false\u00bb]<\/p>\n<h3 style=\"text-align: center;\"><\/h3>\n<h3 style=\"text-align: center;\">T18F-DOPA<\/h3>\n<p>[\/et_pb_text][et_pb_button button_url=\u00bb#dopa\u00bb button_text=\u00bbM\u00e1s informaci\u00f3n\u00bb button_alignment=\u00bbcenter\u00bb _builder_version=\u00bb4.9.4&#8243; _module_preset=\u00bbdefault\u00bb custom_button=\u00bbon\u00bb button_border_radius=\u00bb10px\u00bb button_icon=\u00bb%%47%%\u00bb custom_margin=\u00bb||7px|||\u00bb][\/et_pb_button][et_pb_text _builder_version=\u00bb4.9.4&#8243; _module_preset=\u00bbdefault\u00bb background_color=\u00bb#c382d0&#8243; custom_margin=\u00bb21px|0px|24px||false|false\u00bb custom_padding=\u00bb|0px|||false|false\u00bb]<\/p>\n<h3 style=\"text-align: center;\"><\/h3>\n<h3 style=\"text-align: center;\">18-FPSMA<\/h3>\n<p>[\/et_pb_text][et_pb_button button_url=\u00bb#fpsma\u00bb button_text=\u00bbM\u00e1s informaci\u00f3n\u00bb button_alignment=\u00bbcenter\u00bb _builder_version=\u00bb4.9.4&#8243; _module_preset=\u00bbdefault\u00bb custom_button=\u00bbon\u00bb button_border_radius=\u00bb10px\u00bb button_icon=\u00bb%%47%%\u00bb custom_margin=\u00bb||7px|||\u00bb][\/et_pb_button][\/et_pb_column][et_pb_column type=\u00bb1_5&#8243; _builder_version=\u00bb4.9.3&#8243; _module_preset=\u00bbdefault\u00bb][\/et_pb_column][et_pb_column type=\u00bb1_5&#8243; _builder_version=\u00bb4.9.3&#8243; _module_preset=\u00bbdefault\u00bb][et_pb_text _builder_version=\u00bb4.9.4&#8243; _module_preset=\u00bbdefault\u00bb background_color=\u00bb#b4c1ff\u00bb min_height=\u00bb33px\u00bb custom_margin=\u00bb0px|0px||0px|false|false\u00bb custom_padding=\u00bb|0px||0px|false|false\u00bb]<\/p>\n<h3 style=\"text-align: center;\"><\/h3>\n<h3 style=\"text-align: center;\">18F-NaF<\/h3>\n<p>[\/et_pb_text][et_pb_button button_url=\u00bb#naf\u00bb button_text=\u00bbM\u00e1s informaci\u00f3n\u00bb button_alignment=\u00bbcenter\u00bb _builder_version=\u00bb4.9.4&#8243; _module_preset=\u00bbdefault\u00bb custom_button=\u00bbon\u00bb button_border_radius=\u00bb10px\u00bb button_icon=\u00bb%%47%%\u00bb custom_margin=\u00bb||7px|||\u00bb][\/et_pb_button][et_pb_text _builder_version=\u00bb4.9.4&#8243; _module_preset=\u00bbdefault\u00bb background_color=\u00bb#9ccbb6&#8243; custom_margin=\u00bb16px|0px|16px|0px|false|false\u00bb custom_padding=\u00bb|0px||0px|false|false\u00bb]<\/p>\n<h3 style=\"text-align: center;\"><\/h3>\n<h3 style=\"text-align: center;\">11C-ACETATO<\/h3>\n<p>[\/et_pb_text][et_pb_button button_url=\u00bb#acetato\u00bb button_text=\u00bbM\u00e1s informaci\u00f3n\u00bb button_alignment=\u00bbcenter\u00bb _builder_version=\u00bb4.9.4&#8243; _module_preset=\u00bbdefault\u00bb custom_button=\u00bbon\u00bb button_border_radius=\u00bb10px\u00bb button_icon=\u00bb%%47%%\u00bb custom_margin=\u00bb||7px|||\u00bb][\/et_pb_button][\/et_pb_column][et_pb_column type=\u00bb1_5&#8243; _builder_version=\u00bb4.9.3&#8243; _module_preset=\u00bbdefault\u00bb][\/et_pb_column][\/et_pb_row][et_pb_row _builder_version=\u00bb4.9.3&#8243; _module_preset=\u00bbdefault\u00bb custom_margin=\u00bb-55px|auto||auto||\u00bb][et_pb_column type=\u00bb4_4&#8243; _builder_version=\u00bb4.9.3&#8243; _module_preset=\u00bbdefault\u00bb][\/et_pb_column][\/et_pb_row][\/et_pb_section][et_pb_section fb_built=\u00bb1&#8243; module_id=\u00bbfdg\u00bb _builder_version=\u00bb4.9.4&#8243; _module_preset=\u00bbdefault\u00bb use_background_color_gradient=\u00bbon\u00bb background_color_gradient_start=\u00bb#b6208c\u00bb background_color_gradient_end=\u00bb#d584bf\u00bb background_color_gradient_direction=\u00bb140deg\u00bb][et_pb_row _builder_version=\u00bb4.9.3&#8243; _module_preset=\u00bbdefault\u00bb][et_pb_column type=\u00bb4_4&#8243; _builder_version=\u00bb4.9.3&#8243; _module_preset=\u00bbdefault\u00bb][et_pb_text _builder_version=\u00bb4.9.4&#8243; _module_preset=\u00bbdefault\u00bb text_text_color=\u00bb#FFFFFF\u00bb header_text_color=\u00bb#8300E9&#8243; background_layout=\u00bbdark\u00bb]<\/p>\n<h2>18F-FDG  <\/h2>\n<p>[\/et_pb_text][\/et_pb_column][\/et_pb_row][\/et_pb_section][et_pb_section fb_built=\u00bb1&#8243; _builder_version=\u00bb4.9.3&#8243; _module_preset=\u00bbdefault\u00bb custom_margin=\u00bb||84px|||\u00bb][et_pb_row column_structure=\u00bb1_5,3_5,1_5&#8243; _builder_version=\u00bb4.9.3&#8243; _module_preset=\u00bbdefault\u00bb min_height=\u00bb257.7px\u00bb custom_padding=\u00bb||146px|||\u00bb locked=\u00bboff\u00bb][et_pb_column type=\u00bb1_5&#8243; _builder_version=\u00bb4.9.3&#8243; _module_preset=\u00bbdefault\u00bb][\/et_pb_column][et_pb_column type=\u00bb3_5&#8243; _builder_version=\u00bb4.9.3&#8243; _module_preset=\u00bbdefault\u00bb][et_pb_text _builder_version=\u00bb4.9.4&#8243; text_font=\u00bb|600|||||||\u00bb text_text_color=\u00bb#990c8a\u00bb text_font_size=\u00bb30px\u00bb text_line_height=\u00bb1.8em\u00bb header_font=\u00bb||||||||\u00bb header_text_color=\u00bb#990c8a\u00bb header_2_font=\u00bbPoppins||||||||\u00bb header_2_font_size=\u00bb28px\u00bb header_2_line_height=\u00bb1.4em\u00bb header_3_font=\u00bb||||||||\u00bb text_orientation=\u00bbcenter\u00bb max_width=\u00bb700px\u00bb module_alignment=\u00bbcenter\u00bb custom_margin=\u00bb||17px|||\u00bb custom_padding=\u00bb||0px|||\u00bb]2-(18F)-fluoro-2-deoxi-D-glucosa[\/et_pb_text][et_pb_text _builder_version=\u00bb4.9.4&#8243; _module_preset=\u00bbdefault\u00bb text_font=\u00bb|600|||||||\u00bb text_font_size=\u00bb16px\u00bb custom_margin=\u00bb36px|||||\u00bb]<\/p>\n<p>Indicaciones terape\u0301uticas<\/p>\n<p>[\/et_pb_text][et_pb_text _builder_version=\u00bb4.9.4&#8243; _module_preset=\u00bbdefault\u00bb custom_margin=\u00bb36px|||||\u00bb custom_padding=\u00bb|||34px||\u00bb]<\/p>\n<p>Se utiliza en tumores o lesiones que tengan una actividad metab\u00f3lica incrementada del tipo adenocarcinomas, tumores de origen epiletial, sarcomas, linformas Hodgkin, No Hodgkin, Difuso de C\u00e9lulas B y Foliculares, etc.<\/p>\n<p>[\/et_pb_text][\/et_pb_column][et_pb_column type=\u00bb1_5&#8243; _builder_version=\u00bb4.9.3&#8243; _module_preset=\u00bbdefault\u00bb][\/et_pb_column][\/et_pb_row][\/et_pb_section][et_pb_section fb_built=\u00bb1&#8243; module_id=\u00bbdopa\u00bb _builder_version=\u00bb4.9.4&#8243; _module_preset=\u00bbdefault\u00bb use_background_color_gradient=\u00bbon\u00bb background_color_gradient_start=\u00bb#b6208c\u00bb background_color_gradient_end=\u00bb#d584bf\u00bb background_color_gradient_direction=\u00bb140deg\u00bb][et_pb_row _builder_version=\u00bb4.9.3&#8243; _module_preset=\u00bbdefault\u00bb][et_pb_column type=\u00bb4_4&#8243; _builder_version=\u00bb4.9.3&#8243; _module_preset=\u00bbdefault\u00bb][et_pb_text _builder_version=\u00bb4.9.4&#8243; _module_preset=\u00bbdefault\u00bb text_text_color=\u00bb#8300E9&#8243; header_text_color=\u00bb#8300E9&#8243; background_layout=\u00bbdark\u00bb]<\/p>\n<h2>18F-DOPA<\/h2>\n<p>[\/et_pb_text][\/et_pb_column][\/et_pb_row][\/et_pb_section][et_pb_section fb_built=\u00bb1&#8243; _builder_version=\u00bb4.9.3&#8243; _module_preset=\u00bbdefault\u00bb][et_pb_row column_structure=\u00bb1_5,3_5,1_5&#8243; _builder_version=\u00bb4.9.3&#8243; _module_preset=\u00bbdefault\u00bb min_height=\u00bb257.7px\u00bb custom_padding=\u00bb||120px|||\u00bb locked=\u00bboff\u00bb][et_pb_column type=\u00bb1_5&#8243; _builder_version=\u00bb4.9.3&#8243; _module_preset=\u00bbdefault\u00bb][\/et_pb_column][et_pb_column type=\u00bb3_5&#8243; _builder_version=\u00bb4.9.3&#8243; _module_preset=\u00bbdefault\u00bb][et_pb_text _builder_version=\u00bb4.9.4&#8243; text_font=\u00bb|600|||||||\u00bb text_text_color=\u00bb#990c8a\u00bb text_font_size=\u00bb30px\u00bb text_line_height=\u00bb1.8em\u00bb header_font=\u00bb||||||||\u00bb header_text_color=\u00bb#990c8a\u00bb header_2_font=\u00bbPoppins||||||||\u00bb header_2_font_size=\u00bb28px\u00bb header_2_line_height=\u00bb1.4em\u00bb header_3_font=\u00bb||||||||\u00bb text_orientation=\u00bbcenter\u00bb max_width=\u00bb700px\u00bb module_alignment=\u00bbcenter\u00bb custom_margin=\u00bb||17px|||\u00bb custom_padding=\u00bb||0px|||\u00bb]6-[18-F]fluoro-3,4-dihidro-L-fenilanina Dihidroxifenilanina (DOPA)[\/et_pb_text][et_pb_text _builder_version=\u00bb4.9.4&#8243; _module_preset=\u00bbdefault\u00bb text_font=\u00bb|600|||||||\u00bb text_font_size=\u00bb16px\u00bb custom_margin=\u00bb36px|||||\u00bb]<\/p>\n<p>Indicaciones terape\u0301uticas<\/p>\n<p>[\/et_pb_text][et_pb_text _builder_version=\u00bb4.9.4&#8243; _module_preset=\u00bbdefault\u00bb custom_margin=\u00bb36px|||||\u00bb custom_padding=\u00bb|||34px||\u00bb]<\/p>\n<p>Valoraci\u00f3n de la v\u00eda dopamin\u00e9rgica<br \/>Parkinson<br \/>Tumores cerebrales<br \/>C\u00e1ncer medular de tiroides<br \/>Insulinomas<br \/>Meduloblastoma<\/p>\n<p>[\/et_pb_text][\/et_pb_column][et_pb_column type=\u00bb1_5&#8243; _builder_version=\u00bb4.9.3&#8243; _module_preset=\u00bbdefault\u00bb][\/et_pb_column][\/et_pb_row][\/et_pb_section][et_pb_section fb_built=\u00bb1&#8243; module_id=\u00bbnaf\u00bb _builder_version=\u00bb4.9.4&#8243; _module_preset=\u00bbdefault\u00bb use_background_color_gradient=\u00bbon\u00bb background_color_gradient_start=\u00bb#b6208c\u00bb background_color_gradient_end=\u00bb#d584bf\u00bb background_color_gradient_direction=\u00bb140deg\u00bb custom_margin=\u00bb93px|||||\u00bb][et_pb_row _builder_version=\u00bb4.9.3&#8243; _module_preset=\u00bbdefault\u00bb][et_pb_column type=\u00bb4_4&#8243; _builder_version=\u00bb4.9.3&#8243; _module_preset=\u00bbdefault\u00bb][et_pb_text _builder_version=\u00bb4.9.4&#8243; _module_preset=\u00bbdefault\u00bb text_text_color=\u00bb#8300E9&#8243; header_text_color=\u00bb#8300E9&#8243; background_layout=\u00bbdark\u00bb]<\/p>\n<h2>18F-NaF <\/h2>\n<p>[\/et_pb_text][\/et_pb_column][\/et_pb_row][\/et_pb_section][et_pb_section fb_built=\u00bb1&#8243; _builder_version=\u00bb4.9.3&#8243; _module_preset=\u00bbdefault\u00bb][et_pb_row column_structure=\u00bb1_5,3_5,1_5&#8243; _builder_version=\u00bb4.9.3&#8243; _module_preset=\u00bbdefault\u00bb min_height=\u00bb257.7px\u00bb custom_margin=\u00bb|auto|104px|auto||\u00bb locked=\u00bboff\u00bb][et_pb_column type=\u00bb1_5&#8243; _builder_version=\u00bb4.9.3&#8243; _module_preset=\u00bbdefault\u00bb][\/et_pb_column][et_pb_column type=\u00bb3_5&#8243; _builder_version=\u00bb4.9.3&#8243; _module_preset=\u00bbdefault\u00bb][et_pb_text _builder_version=\u00bb4.9.4&#8243; text_font=\u00bb|600|||||||\u00bb text_text_color=\u00bb#990c8a\u00bb text_font_size=\u00bb30px\u00bb text_line_height=\u00bb1.8em\u00bb header_font=\u00bb||||||||\u00bb header_text_color=\u00bb#990c8a\u00bb header_2_font=\u00bbPoppins||||||||\u00bb header_2_font_size=\u00bb28px\u00bb header_2_line_height=\u00bb1.4em\u00bb header_3_font=\u00bb||||||||\u00bb text_orientation=\u00bbcenter\u00bb max_width=\u00bb700px\u00bb module_alignment=\u00bbcenter\u00bb custom_margin=\u00bb||17px|||\u00bb custom_padding=\u00bb||0px|||\u00bb]Fluoruro de Sodio, PET \u00f3seo[\/et_pb_text][et_pb_text _builder_version=\u00bb4.9.4&#8243; _module_preset=\u00bbdefault\u00bb text_font=\u00bb|600|||||||\u00bb text_font_size=\u00bb16px\u00bb custom_margin=\u00bb36px|||||\u00bb]<\/p>\n<p>Indicaciones terape\u0301uticas<\/p>\n<p>[\/et_pb_text][et_pb_text _builder_version=\u00bb4.9.4&#8243; _module_preset=\u00bbdefault\u00bb custom_margin=\u00bb36px|||||\u00bb custom_padding=\u00bb|||34px||\u00bb]<\/p>\n<p>Detecci\u00f3n de met\u00e1stasis \u00f3seas bl\u00e1sticas<br \/>Sospecha de lesiones por estr\u00e9s<br \/>Sospecha de fractura oculta<br \/>Detecci\u00f3n temprana de fracturas costales, extensi\u00f3n completa de la lesi\u00f3n<br \/>Viabilidad \u00f3sea despu\u00e9s de cirug\u00eda o trauma<br \/>Enfermedades metab\u00f3licas \u00f3seas<\/p>\n<p>[\/et_pb_text][\/et_pb_column][et_pb_column type=\u00bb1_5&#8243; _builder_version=\u00bb4.9.3&#8243; _module_preset=\u00bbdefault\u00bb][\/et_pb_column][\/et_pb_row][\/et_pb_section][et_pb_section fb_built=\u00bb1&#8243; module_id=\u00bbacetato\u00bb _builder_version=\u00bb4.9.4&#8243; _module_preset=\u00bbdefault\u00bb use_background_color_gradient=\u00bbon\u00bb background_color_gradient_start=\u00bb#b6208c\u00bb background_color_gradient_end=\u00bb#d584bf\u00bb background_color_gradient_direction=\u00bb140deg\u00bb][et_pb_row _builder_version=\u00bb4.9.3&#8243; _module_preset=\u00bbdefault\u00bb][et_pb_column type=\u00bb4_4&#8243; _builder_version=\u00bb4.9.3&#8243; _module_preset=\u00bbdefault\u00bb][et_pb_text _builder_version=\u00bb4.9.4&#8243; _module_preset=\u00bbdefault\u00bb text_text_color=\u00bb#8300E9&#8243; header_text_color=\u00bb#8300E9&#8243; background_layout=\u00bbdark\u00bb]<\/p>\n<h2>11C-ACETATO<\/h2>\n<p>[\/et_pb_text][\/et_pb_column][\/et_pb_row][\/et_pb_section][et_pb_section fb_built=\u00bb1&#8243; _builder_version=\u00bb4.9.3&#8243; _module_preset=\u00bbdefault\u00bb custom_margin=\u00bb||85px|||\u00bb][et_pb_row column_structure=\u00bb1_5,3_5,1_5&#8243; _builder_version=\u00bb4.9.3&#8243; _module_preset=\u00bbdefault\u00bb min_height=\u00bb257.7px\u00bb custom_padding=\u00bb||109px|||\u00bb locked=\u00bboff\u00bb][et_pb_column type=\u00bb1_5&#8243; _builder_version=\u00bb4.9.3&#8243; _module_preset=\u00bbdefault\u00bb][\/et_pb_column][et_pb_column type=\u00bb3_5&#8243; _builder_version=\u00bb4.9.3&#8243; _module_preset=\u00bbdefault\u00bb][et_pb_text _builder_version=\u00bb4.9.4&#8243; text_font=\u00bb|600|||||||\u00bb text_text_color=\u00bb#990c8a\u00bb text_font_size=\u00bb30px\u00bb text_line_height=\u00bb1.8em\u00bb header_font=\u00bb||||||||\u00bb header_text_color=\u00bb#990c8a\u00bb header_2_font=\u00bbPoppins||||||||\u00bb header_2_font_size=\u00bb28px\u00bb header_2_line_height=\u00bb1.4em\u00bb header_3_font=\u00bb||||||||\u00bb text_orientation=\u00bbcenter\u00bb max_width=\u00bb700px\u00bb module_alignment=\u00bbcenter\u00bb custom_margin=\u00bb||17px|||\u00bb custom_padding=\u00bb||0px|||\u00bb][11C] \u00c1cido ac\u00e9tico[\/et_pb_text][et_pb_text _builder_version=\u00bb4.9.4&#8243; _module_preset=\u00bbdefault\u00bb text_font=\u00bb|600|||||||\u00bb text_font_size=\u00bb16px\u00bb custom_margin=\u00bb36px|||||\u00bb]<\/p>\n<p>Indicaciones terape\u0301uticas<\/p>\n<p>[\/et_pb_text][et_pb_text _builder_version=\u00bb4.9.4&#8243; _module_preset=\u00bbdefault\u00bb custom_margin=\u00bb36px|||||\u00bb custom_padding=\u00bb|||34px||\u00bb]<\/p>\n<p>Carcinoma renal de c\u00e9lulas claras (tumor primario renal)<br \/>Hepatocarcinoma bien diferenciados<br \/>C\u00e1ncer de pr\u00f3stata (segunda opci\u00f3n)<br \/>Otros poco comunes adenocarcinoma de pulm\u00f3n, vejiga, gliomas y meningiomas<\/p>\n<p>[\/et_pb_text][\/et_pb_column][et_pb_column type=\u00bb1_5&#8243; _builder_version=\u00bb4.9.3&#8243; _module_preset=\u00bbdefault\u00bb][\/et_pb_column][\/et_pb_row][\/et_pb_section][et_pb_section fb_built=\u00bb1&#8243; module_id=\u00bbfpsma\u00bb _builder_version=\u00bb4.9.4&#8243; _module_preset=\u00bbdefault\u00bb use_background_color_gradient=\u00bbon\u00bb background_color_gradient_start=\u00bb#b6208c\u00bb background_color_gradient_end=\u00bb#d584bf\u00bb background_color_gradient_direction=\u00bb140deg\u00bb min_height=\u00bb70px\u00bb][et_pb_row _builder_version=\u00bb4.9.3&#8243; _module_preset=\u00bbdefault\u00bb][et_pb_column type=\u00bb4_4&#8243; _builder_version=\u00bb4.9.3&#8243; _module_preset=\u00bbdefault\u00bb][et_pb_text _builder_version=\u00bb4.9.4&#8243; _module_preset=\u00bbdefault\u00bb text_text_color=\u00bb#8300E9&#8243; header_text_color=\u00bb#8300E9&#8243; background_layout=\u00bbdark\u00bb]<\/p>\n<h2>18-FPSMA <\/h2>\n<p>[\/et_pb_text][\/et_pb_column][\/et_pb_row][\/et_pb_section][et_pb_section fb_built=\u00bb1&#8243; _builder_version=\u00bb4.9.3&#8243; _module_preset=\u00bbdefault\u00bb custom_margin=\u00bb||95px|||\u00bb][et_pb_row column_structure=\u00bb1_5,3_5,1_5&#8243; _builder_version=\u00bb4.9.3&#8243; _module_preset=\u00bbdefault\u00bb min_height=\u00bb257.7px\u00bb custom_padding=\u00bb||188px|||\u00bb locked=\u00bboff\u00bb][et_pb_column type=\u00bb1_5&#8243; _builder_version=\u00bb4.9.3&#8243; _module_preset=\u00bbdefault\u00bb][\/et_pb_column][et_pb_column type=\u00bb3_5&#8243; _builder_version=\u00bb4.9.3&#8243; _module_preset=\u00bbdefault\u00bb][et_pb_text _builder_version=\u00bb4.9.4&#8243; text_font=\u00bb|600|||||||\u00bb text_text_color=\u00bb#990c8a\u00bb text_font_size=\u00bb30px\u00bb text_line_height=\u00bb1.8em\u00bb header_font=\u00bb||||||||\u00bb header_text_color=\u00bb#990c8a\u00bb header_2_font=\u00bbPoppins||||||||\u00bb header_2_font_size=\u00bb28px\u00bb header_2_line_height=\u00bb1.4em\u00bb header_3_font=\u00bb||||||||\u00bb text_orientation=\u00bbcenter\u00bb max_width=\u00bb700px\u00bb module_alignment=\u00bbcenter\u00bb custom_margin=\u00bb||17px|||\u00bb custom_padding=\u00bb||0px|||\u00bb]Ant\u00edgeno de membrana espec\u00edfico de pr\u00f3stata[\/et_pb_text][et_pb_text _builder_version=\u00bb4.9.4&#8243; _module_preset=\u00bbdefault\u00bb text_font=\u00bb|600|||||||\u00bb text_font_size=\u00bb16px\u00bb custom_margin=\u00bb36px|||||\u00bb]<\/p>\n<p>Indicaciones terape\u0301uticas<\/p>\n<p>[\/et_pb_text][et_pb_text _builder_version=\u00bb4.9.4&#8243; _module_preset=\u00bbdefault\u00bb text_font=\u00bb|600|||||||\u00bb text_font_size=\u00bb16px\u00bb custom_margin=\u00bb36px|||||\u00bb custom_padding=\u00bb|||42px||\u00bb]<\/p>\n<p>\u2022 C\u00e1ncer de pr\u00f3stata<br \/>\u2022 Estadificaci\u00f3n<br \/>\u2022 Recurrencia bioqu\u00edmica<br \/>\u2022 Valorar respuesta a tratamiento<br \/>\u2022 Seguimiento<\/p>\n<p>[\/et_pb_text][\/et_pb_column][et_pb_column type=\u00bb1_5&#8243; _builder_version=\u00bb4.9.3&#8243; _module_preset=\u00bbdefault\u00bb][\/et_pb_column][\/et_pb_row][\/et_pb_section]<\/p>\n","protected":false},"excerpt":{"rendered":"<p>Medicina Nuclear &#8211; Spect CT y terapia PET CT 18F-FDG T18F-DOPA 18-FPSMA 18F-NaF 11C-ACETATO18F-FDG 2-(18F)-fluoro-2-deoxi-D-glucosaIndicaciones terape\u0301uticasSe utiliza en tumores o lesiones que tengan una actividad metab\u00f3lica incrementada del tipo adenocarcinomas, tumores de origen epiletial, sarcomas, linformas Hodgkin, No Hodgkin, Difuso de C\u00e9lulas B y Foliculares, etc.18F-DOPA6-[18-F]fluoro-3,4-dihidro-L-fenilanina Dihidroxifenilanina (DOPA)Indicaciones terape\u0301uticasValoraci\u00f3n de la v\u00eda dopamin\u00e9rgicaParkinsonTumores cerebralesC\u00e1ncer medular [&hellip;]<\/p>\n","protected":false},"author":1,"featured_media":0,"parent":0,"menu_order":0,"comment_status":"closed","ping_status":"closed","template":"","meta":{"_et_pb_use_builder":"on","_et_pb_old_content":"","_et_gb_content_width":"","footnotes":""},"class_list":["post-1027","page","type-page","status-publish","hentry"],"_links":{"self":[{"href":"https:\/\/accesofarm.com\/w\/wp-json\/wp\/v2\/pages\/1027","targetHints":{"allow":["GET"]}}],"collection":[{"href":"https:\/\/accesofarm.com\/w\/wp-json\/wp\/v2\/pages"}],"about":[{"href":"https:\/\/accesofarm.com\/w\/wp-json\/wp\/v2\/types\/page"}],"author":[{"embeddable":true,"href":"https:\/\/accesofarm.com\/w\/wp-json\/wp\/v2\/users\/1"}],"replies":[{"embeddable":true,"href":"https:\/\/accesofarm.com\/w\/wp-json\/wp\/v2\/comments?post=1027"}],"version-history":[{"count":25,"href":"https:\/\/accesofarm.com\/w\/wp-json\/wp\/v2\/pages\/1027\/revisions"}],"predecessor-version":[{"id":1817,"href":"https:\/\/accesofarm.com\/w\/wp-json\/wp\/v2\/pages\/1027\/revisions\/1817"}],"wp:attachment":[{"href":"https:\/\/accesofarm.com\/w\/wp-json\/wp\/v2\/media?parent=1027"}],"curies":[{"name":"wp","href":"https:\/\/api.w.org\/{rel}","templated":true}]}}