{"id":1325,"date":"2021-04-20T21:49:30","date_gmt":"2021-04-20T21:49:30","guid":{"rendered":"https:\/\/accesofarm.com\/w\/?page_id=1325"},"modified":"2024-10-03T21:48:56","modified_gmt":"2024-10-03T21:48:56","slug":"buzon","status":"publish","type":"page","link":"https:\/\/accesofarm.com\/w\/buzon\/","title":{"rendered":"Buz\u00f3n de quejas y sugerencias"},"content":{"rendered":"<p>[et_pb_section fb_built=\u00bb1&#8243; _builder_version=\u00bb4.16&#8243; _module_preset=\u00bbdefault\u00bb use_background_color_gradient=\u00bbon\u00bb background_color_gradient_direction=\u00bb140deg\u00bb background_color_gradient_stops=\u00bb#b6208c 0%|#d584bf 100%\u00bb background_color_gradient_start=\u00bb#b6208c\u00bb background_color_gradient_end=\u00bb#d584bf\u00bb min_height=\u00bb105.2px\u00bb custom_margin=\u00bb56px||0px||false|false\u00bb custom_padding=\u00bb26px||0px|||\u00bb global_colors_info=\u00bb{}\u00bb][et_pb_row _builder_version=\u00bb4.16&#8243; _module_preset=\u00bbdefault\u00bb custom_padding=\u00bb0px||0px||true|\u00bb global_colors_info=\u00bb{}\u00bb][et_pb_column type=\u00bb4_4&#8243; _builder_version=\u00bb4.16&#8243; _module_preset=\u00bbdefault\u00bb global_colors_info=\u00bb{}\u00bb][et_pb_text _builder_version=\u00bb4.16&#8243; _module_preset=\u00bbdefault\u00bb background_layout=\u00bbdark\u00bb custom_margin=\u00bb-27px|||||\u00bb custom_padding=\u00bb||8px|||\u00bb global_colors_info=\u00bb{}\u00bb]<\/p>\n<h2 style=\"text-align: center;\">Atenci\u00f3n al cliente<\/h2>\n<h2 style=\"text-align: center;\"><\/h2>\n<p>[\/et_pb_text][\/et_pb_column][\/et_pb_row][\/et_pb_section][et_pb_section fb_built=\u00bb1&#8243; _builder_version=\u00bb4.16&#8243; _module_preset=\u00bbdefault\u00bb background_enable_color=\u00bboff\u00bb background_image=\u00bbhttps:\/\/accesofarm.com\/w\/wp-content\/uploads\/2021\/04\/fondoColores2.jpg\u00bb global_colors_info=\u00bb{}\u00bb][et_pb_row column_structure=\u00bb1_5,3_5,1_5&#8243; _builder_version=\u00bb4.16&#8243; _module_preset=\u00bbdefault\u00bb custom_margin=\u00bb0px|auto||auto||\u00bb global_colors_info=\u00bb{}\u00bb][et_pb_column type=\u00bb1_5&#8243; _builder_version=\u00bb4.16&#8243; _module_preset=\u00bbdefault\u00bb global_colors_info=\u00bb{}\u00bb][\/et_pb_column][et_pb_column type=\u00bb3_5&#8243; _builder_version=\u00bb4.16&#8243; _module_preset=\u00bbdefault\u00bb global_colors_info=\u00bb{}\u00bb][et_pb_cta title=\u00bbNo conformidad\u00bb button_url=\u00bbhttps:\/\/www.accesofarm.info\/nc_clientes\/\u00bb url_new_window=\u00bbon\u00bb button_text=\u00bbReportar No Conformidad\u00bb _builder_version=\u00bb4.16&#8243; _module_preset=\u00bbdefault\u00bb global_colors_info=\u00bb{}\u00bb]<\/p>\n<p>Estimado cliente, para Accesofarm es de suma importancia la calidad de nuestros productos, por lo que atendemos\u00a0 cualquier posible incidente relacionado con ellos.<\/p>\n<p>&nbsp;<\/p>\n<p>[\/et_pb_cta][\/et_pb_column][et_pb_column type=\u00bb1_5&#8243; _builder_version=\u00bb4.16&#8243; _module_preset=\u00bbdefault\u00bb global_colors_info=\u00bb{}\u00bb][\/et_pb_column][\/et_pb_row][et_pb_row _builder_version=\u00bb4.16&#8243; _module_preset=\u00bbdefault\u00bb global_colors_info=\u00bb{}\u00bb][et_pb_column type=\u00bb4_4&#8243; _builder_version=\u00bb4.16&#8243; _module_preset=\u00bbdefault\u00bb global_colors_info=\u00bb{}\u00bb][et_pb_text _builder_version=\u00bb4.16&#8243; _module_preset=\u00bbdefault\u00bb global_colors_info=\u00bb{}\u00bb]<\/p>\n<p>&nbsp;<\/p>\n<p>&nbsp;<\/p>\n<p>&nbsp;<\/p>\n<p>[\/et_pb_text][\/et_pb_column][\/et_pb_row][\/et_pb_section][et_pb_section fb_built=\u00bb1&#8243; module_id=\u00bbtecnovigilancia\u00bb _builder_version=\u00bb4.16&#8243; _module_preset=\u00bbdefault\u00bb use_background_color_gradient=\u00bbon\u00bb background_color_gradient_direction=\u00bb140deg\u00bb background_color_gradient_stops=\u00bb#b6208c 0%|#d584bf 100%\u00bb background_color_gradient_start=\u00bb#b6208c\u00bb background_color_gradient_end=\u00bb#d584bf\u00bb min_height=\u00bb105.2px\u00bb custom_padding=\u00bb||0px|||\u00bb global_colors_info=\u00bb{}\u00bb][et_pb_row _builder_version=\u00bb4.16&#8243; _module_preset=\u00bbdefault\u00bb custom_padding=\u00bb18px||18px||true|\u00bb global_colors_info=\u00bb{}\u00bb][et_pb_column type=\u00bb4_4&#8243; _builder_version=\u00bb4.16&#8243; _module_preset=\u00bbdefault\u00bb global_colors_info=\u00bb{}\u00bb][et_pb_text _builder_version=\u00bb4.16&#8243; _module_preset=\u00bbdefault\u00bb background_layout=\u00bbdark\u00bb custom_margin=\u00bb15px|||||\u00bb custom_padding=\u00bb||8px|||\u00bb global_colors_info=\u00bb{}\u00bb]<\/p>\n<h2 style=\"text-align: center;\">Tecnovigilancia\u00a0<\/h2>\n<h2 style=\"text-align: center;\"><\/h2>\n<p>[\/et_pb_text][\/et_pb_column][\/et_pb_row][\/et_pb_section][et_pb_section fb_built=\u00bb1&#8243; _builder_version=\u00bb4.16&#8243; _module_preset=\u00bbdefault\u00bb global_colors_info=\u00bb{}\u00bb][et_pb_row column_structure=\u00bb1_2,1_2&#8243; _builder_version=\u00bb4.16&#8243; _module_preset=\u00bbdefault\u00bb global_colors_info=\u00bb{}\u00bb][et_pb_column type=\u00bb1_2&#8243; _builder_version=\u00bb4.16&#8243; _module_preset=\u00bbdefault\u00bb global_colors_info=\u00bb{}\u00bb][et_pb_text _builder_version=\u00bb4.16&#8243; _module_preset=\u00bbdefault\u00bb custom_margin=\u00bb36px|||||\u00bb global_colors_info=\u00bb{}\u00bb]<\/p>\n<p>Estimado cliente, para <strong>Accesofarm<\/strong> es de suma importancia la calidad y seguridad que proporciona el uso de nuestros productos, por lo que atendemos con sentido de urgencia cualquier posible incidente relacionado con ellos. Agradecemos nos haga saber a trav\u00e9s de \u00e9ste sencillo formato, cualquier evento que involucre a los productos suministrados por <strong>Accesofarm<\/strong>, SA de CV. Ya lleno, nos lo puede hacer llegar a las siguientes direcciones de correo:<\/p>\n<p>[\/et_pb_text][et_pb_text _builder_version=\u00bb4.27.2&#8243; _module_preset=\u00bbdefault\u00bb custom_margin=\u00bb||79px|||\u00bb hover_enabled=\u00bb0&#8243; global_colors_info=\u00bb{}\u00bb sticky_enabled=\u00bb0&#8243;]<\/p>\n<div class=\"emails-wrapper\"><strong><a href=\"mailto:tecnovigilancia@accesofarm.com\">tecnovigilancia@accesofarm.com<\/a><\/strong><\/div>\n<p>[\/et_pb_text][\/et_pb_column][et_pb_column type=\u00bb1_2&#8243; _builder_version=\u00bb4.16&#8243; _module_preset=\u00bbdefault\u00bb global_colors_info=\u00bb{}\u00bb][et_pb_button button_url=\u00bbhttps:\/\/accesofarm.com\/regIncidencias\/usuarios\/registro\u00bb url_new_window=\u00bbon\u00bb button_text=\u00bbRegistro Inicial de Notificaci\u00f3n de Incidente\u00bb button_alignment=\u00bbcenter\u00bb _builder_version=\u00bb4.16&#8243; _module_preset=\u00bbdefault\u00bb custom_button=\u00bbon\u00bb button_bg_color=\u00bb#990c8a\u00bb button_border_radius=\u00bb11px\u00bb button_icon=\u00bb&#x3b;||divi||400&#8243; button_icon_color=\u00bb#FFFFFF\u00bb background_layout=\u00bbdark\u00bb custom_margin=\u00bb63px||77px|||\u00bb global_colors_info=\u00bb{}\u00bb][\/et_pb_button][et_pb_text _builder_version=\u00bb4.27.2&#8243; _module_preset=\u00bbdefault\u00bb custom_margin=\u00bb-30px||41px|||\u00bb custom_padding=\u00bb3px|||||\u00bb hover_enabled=\u00bb0&#8243; global_colors_info=\u00bb{}\u00bb sticky_enabled=\u00bb0&#8243;]<\/p>\n<p>Tambi\u00e9n puede comunicarse con nosotros a los siguientes contactos:<\/p>\n<div class=\"contact-subtitle\">Conmutador: (55) 5519 9431<\/div>\n<div class=\"phone-wrapper\">\n<div class=\"phone-element\">\n<p><i class=\"fas fa-circle\"><\/i><\/p>\n<p style=\"font-weight: 400;\">Extensi\u00f3n 126<\/p>\n<p style=\"font-weight: 400;\">IF Ra\u00fal Noe Baz\u00e1n Garc\u00eda \u2013 Responsable de la Unidad de Tecnovigilancia<\/p>\n<\/div>\n<\/div>\n<p>[\/et_pb_text][\/et_pb_column][\/et_pb_row][\/et_pb_section]<\/p>\n","protected":false},"excerpt":{"rendered":"<p>Atenci\u00f3n al cliente Estimado cliente, para Accesofarm es de suma importancia la calidad de nuestros productos, por lo que atendemos\u00a0 cualquier posible incidente relacionado con ellos. &nbsp;&nbsp; &nbsp; &nbsp;Tecnovigilancia\u00a0 Estimado cliente, para Accesofarm es de suma importancia la calidad y seguridad que proporciona el uso de nuestros productos, por lo que atendemos con sentido de [&hellip;]<\/p>\n","protected":false},"author":1,"featured_media":0,"parent":0,"menu_order":0,"comment_status":"closed","ping_status":"closed","template":"","meta":{"_et_pb_use_builder":"on","_et_pb_old_content":"","_et_gb_content_width":"","footnotes":""},"class_list":["post-1325","page","type-page","status-publish","hentry"],"_links":{"self":[{"href":"https:\/\/accesofarm.com\/w\/wp-json\/wp\/v2\/pages\/1325","targetHints":{"allow":["GET"]}}],"collection":[{"href":"https:\/\/accesofarm.com\/w\/wp-json\/wp\/v2\/pages"}],"about":[{"href":"https:\/\/accesofarm.com\/w\/wp-json\/wp\/v2\/types\/page"}],"author":[{"embeddable":true,"href":"https:\/\/accesofarm.com\/w\/wp-json\/wp\/v2\/users\/1"}],"replies":[{"embeddable":true,"href":"https:\/\/accesofarm.com\/w\/wp-json\/wp\/v2\/comments?post=1325"}],"version-history":[{"count":13,"href":"https:\/\/accesofarm.com\/w\/wp-json\/wp\/v2\/pages\/1325\/revisions"}],"predecessor-version":[{"id":2179,"href":"https:\/\/accesofarm.com\/w\/wp-json\/wp\/v2\/pages\/1325\/revisions\/2179"}],"wp:attachment":[{"href":"https:\/\/accesofarm.com\/w\/wp-json\/wp\/v2\/media?parent=1325"}],"curies":[{"name":"wp","href":"https:\/\/api.w.org\/{rel}","templated":true}]}}