{"id":1338,"date":"2021-04-20T22:05:45","date_gmt":"2021-04-20T22:05:45","guid":{"rendered":"https:\/\/accesofarm.com\/w\/?page_id=1338"},"modified":"2021-04-24T17:47:57","modified_gmt":"2021-04-24T17:47:57","slug":"pedidos","status":"publish","type":"page","link":"https:\/\/accesofarm.com\/w\/pedidos\/","title":{"rendered":"Pedidos"},"content":{"rendered":"<p>[et_pb_section fb_built=\u00bb1&#8243; fullwidth=\u00bbon\u00bb _builder_version=\u00bb4.9.3&#8243; _module_preset=\u00bbdefault\u00bb][et_pb_fullwidth_slider use_text_overlay=\u00bboff\u00bb _builder_version=\u00bb4.9.4&#8243; _module_preset=\u00bbdefault\u00bb header_text_color=\u00bb#8300E9&#8243; content_width=\u00bb100%\u00bb height=\u00bb500px\u00bb max_height=\u00bb534px\u00bb custom_margin=\u00bb||2px||false|false\u00bb custom_padding=\u00bb||164px||false|false\u00bb auto=\u00bbon\u00bb hover_enabled=\u00bb0&#8243; header_text_shadow_style=\u00bbpreset3&#8243; header_text_shadow_color=\u00bb#FFFFFF\u00bb sticky_enabled=\u00bb0&#8243;][et_pb_slide heading=\u00bbPedidos en l\u00ednea\u00bb button_text=\u00bbPr\u00f3ximamente\u00bb use_text_overlay=\u00bbon\u00bb text_overlay_color=\u00bbrgba(255,255,255,0.66)\u00bb text_border_radius=\u00bb30px\u00bb _builder_version=\u00bb4.9.4&#8243; _module_preset=\u00bbdefault\u00bb header_text_color=\u00bb#b6208c\u00bb body_text_color=\u00bb#000000&#8243; background_enable_color=\u00bboff\u00bb background_image=\u00bbhttps:\/\/accesofarm.com\/w\/wp-content\/uploads\/2021\/04\/Pedidos.jpg\u00bb background_enable_image=\u00bbon\u00bb custom_button=\u00bbon\u00bb button_text_size=\u00bb25px\u00bb button_text_color=\u00bb#FFFFFF\u00bb button_bg_color=\u00bb#b6208c\u00bb button_border_color=\u00bbRGBA(0,0,0,0)\u00bb button_border_radius=\u00bb13px\u00bb custom_padding=\u00bb0px||0px||false|false\u00bb hover_enabled=\u00bb0&#8243; sticky_transition=\u00bbon\u00bb sticky_enabled=\u00bb0&#8243;]<\/p>\n<p>Pr\u00f3ximamente aqu\u00ed podr\u00e1s realizar tus pedidos en l\u00ednea para un mejor control y seguimiento<\/p>\n<p>[\/et_pb_slide][\/et_pb_fullwidth_slider][\/et_pb_section][et_pb_section fb_built=\u00bb1&#8243; _builder_version=\u00bb4.9.4&#8243; _module_preset=\u00bbdefault\u00bb][et_pb_row _builder_version=\u00bb4.9.4&#8243; _module_preset=\u00bbdefault\u00bb][et_pb_column type=\u00bb4_4&#8243; _builder_version=\u00bb4.9.4&#8243; _module_preset=\u00bbdefault\u00bb][et_pb_text _builder_version=\u00bb4.9.4&#8243; _module_preset=\u00bbdefault\u00bb]<\/p>\n<p>&nbsp;<\/p>\n<p>&nbsp;<\/p>\n<p>&nbsp;<\/p>\n<p>&nbsp;<\/p>\n<p>&nbsp;<\/p>\n<p>&nbsp;<\/p>\n<p>&nbsp;<\/p>\n<p>&nbsp;<\/p>\n<p>[\/et_pb_text][\/et_pb_column][\/et_pb_row][\/et_pb_section]<\/p>\n","protected":false},"excerpt":{"rendered":"<p>Pr\u00f3ximamente aqu\u00ed podr\u00e1s realizar tus pedidos en l\u00ednea para un mejor control y seguimiento&nbsp; &nbsp; &nbsp; &nbsp; &nbsp; &nbsp; &nbsp; &nbsp;<\/p>\n","protected":false},"author":1,"featured_media":0,"parent":0,"menu_order":0,"comment_status":"closed","ping_status":"closed","template":"","meta":{"_et_pb_use_builder":"on","_et_pb_old_content":"","_et_gb_content_width":"","footnotes":""},"class_list":["post-1338","page","type-page","status-publish","hentry"],"_links":{"self":[{"href":"https:\/\/accesofarm.com\/w\/wp-json\/wp\/v2\/pages\/1338","targetHints":{"allow":["GET"]}}],"collection":[{"href":"https:\/\/accesofarm.com\/w\/wp-json\/wp\/v2\/pages"}],"about":[{"href":"https:\/\/accesofarm.com\/w\/wp-json\/wp\/v2\/types\/page"}],"author":[{"embeddable":true,"href":"https:\/\/accesofarm.com\/w\/wp-json\/wp\/v2\/users\/1"}],"replies":[{"embeddable":true,"href":"https:\/\/accesofarm.com\/w\/wp-json\/wp\/v2\/comments?post=1338"}],"version-history":[{"count":4,"href":"https:\/\/accesofarm.com\/w\/wp-json\/wp\/v2\/pages\/1338\/revisions"}],"predecessor-version":[{"id":1444,"href":"https:\/\/accesofarm.com\/w\/wp-json\/wp\/v2\/pages\/1338\/revisions\/1444"}],"wp:attachment":[{"href":"https:\/\/accesofarm.com\/w\/wp-json\/wp\/v2\/media?parent=1338"}],"curies":[{"name":"wp","href":"https:\/\/api.w.org\/{rel}","templated":true}]}}