{"id":1590,"date":"2021-04-24T22:31:14","date_gmt":"2021-04-24T22:31:14","guid":{"rendered":"https:\/\/accesofarm.com\/w\/?page_id=1590"},"modified":"2021-04-25T02:45:27","modified_gmt":"2021-04-25T02:45:27","slug":"imagenologia-it","status":"publish","type":"page","link":"https:\/\/accesofarm.com\/w\/imagenologia-it\/","title":{"rendered":"Imagenolog\u00eda &#8211; Indicaciones terap\u00e9uticas"},"content":{"rendered":"<p>[et_pb_section fb_built=\u00bb1&#8243; fullwidth=\u00bbon\u00bb _builder_version=\u00bb4.9.3&#8243; _module_preset=\u00bbdefault\u00bb][et_pb_fullwidth_slider use_text_overlay=\u00bboff\u00bb _builder_version=\u00bb4.9.4&#8243; _module_preset=\u00bbdefault\u00bb header_text_color=\u00bb#8300E9&#8243; content_width=\u00bb100%\u00bb height=\u00bb398px\u00bb max_height=\u00bb398px\u00bb custom_margin=\u00bb||2px||false|false\u00bb custom_padding=\u00bb||164px||false|false\u00bb auto=\u00bbon\u00bb header_text_shadow_style=\u00bbpreset3&#8243; header_text_shadow_color=\u00bb#FFFFFF\u00bb][et_pb_slide heading=\u00bbImagenolog\u00eda\u00bb use_text_overlay=\u00bbon\u00bb text_overlay_color=\u00bbrgba(255,255,255,0.5)\u00bb text_border_radius=\u00bb30px\u00bb _builder_version=\u00bb4.9.4&#8243; _module_preset=\u00bbdefault\u00bb header_text_color=\u00bb#b6208c\u00bb body_text_color=\u00bb#000000&#8243; background_enable_color=\u00bboff\u00bb background_image=\u00bbhttps:\/\/accesofarm.com\/w\/wp-content\/uploads\/2021\/04\/imagen_portada_Web.jpg\u00bb background_enable_image=\u00bbon\u00bb custom_button=\u00bbon\u00bb button_text_size=\u00bb25px\u00bb button_text_color=\u00bb#FFFFFF\u00bb button_bg_color=\u00bb#b6208c\u00bb button_border_color=\u00bbRGBA(0,0,0,0)\u00bb button_border_radius=\u00bb13px\u00bb custom_padding=\u00bb0px||0px||false|false\u00bb sticky_transition=\u00bbon\u00bb]<span>Indicaciones terap\u00e9uticas<\/span>[\/et_pb_slide][\/et_pb_fullwidth_slider][\/et_pb_section][et_pb_section fb_built=\u00bb1&#8243; module_id=\u00bboptiray\u00bb _builder_version=\u00bb4.9.4&#8243; _module_preset=\u00bbdefault\u00bb use_background_color_gradient=\u00bbon\u00bb background_color_gradient_start=\u00bb#b6208c\u00bb background_color_gradient_end=\u00bb#d584bf\u00bb background_color_gradient_direction=\u00bb140deg\u00bb][et_pb_row column_structure=\u00bb3_5,2_5&#8243; _builder_version=\u00bb4.9.3&#8243; _module_preset=\u00bbdefault\u00bb custom_margin=\u00bb57px|auto||auto||\u00bb][et_pb_column type=\u00bb3_5&#8243; _builder_version=\u00bb4.9.3&#8243; _module_preset=\u00bbdefault\u00bb][et_pb_text module_id=\u00bbdtpa\u00bb _builder_version=\u00bb4.9.4&#8243; _module_preset=\u00bbdefault\u00bb text_text_color=\u00bb#8300E9&#8243; header_text_color=\u00bb#8300E9&#8243; background_layout=\u00bbdark\u00bb]<\/p>\n<h2>\nOPTIRAY<br \/>\nIndicaciones terap\u00e9uticas<br \/>\n<\/h2>\n<p>[\/et_pb_text][\/et_pb_column][et_pb_column type=\u00bb2_5&#8243; _builder_version=\u00bb4.9.3&#8243; _module_preset=\u00bbdefault\u00bb][\/et_pb_column][\/et_pb_row][\/et_pb_section][et_pb_section fb_built=\u00bb1&#8243; _builder_version=\u00bb4.9.4&#8243; _module_preset=\u00bbdefault\u00bb][et_pb_row _builder_version=\u00bb4.9.4&#8243; _module_preset=\u00bbdefault\u00bb][et_pb_column type=\u00bb4_4&#8243; _builder_version=\u00bb4.9.4&#8243; _module_preset=\u00bbdefault\u00bb][et_pb_tabs _builder_version=\u00bb4.9.4&#8243; _module_preset=\u00bbdefault\u00bb][et_pb_tab title=\u00bb OPTIRAY 350&#8243; _builder_version=\u00bb4.9.4&#8243; _module_preset=\u00bbdefault\u00bb]<\/p>\n<p>OPTIRAY 350 est\u00e1 indicado en adultos para arteriograf\u00eda perif\u00e9rica y coronaria y ventriculograf\u00eda izquierda.<\/p>\n<p>OPTIRAY 350 tambi\u00e9n est\u00e1 indicado para tomograf\u00eda computarizada con realce del contraste de la cabeza y cuerpo, urograf\u00eda excretora intravenosa, angiograf\u00eda de substracci\u00f3n digital intravenosa y venograf\u00eda. OPTIRAY 350 est\u00e1 indicado en ni\u00f1os para angiocardiograf\u00eda.<\/p>\n<p><img loading=\"lazy\" decoding=\"async\" src=\"https:\/\/accesofarm.com\/w\/wp-content\/uploads\/2021\/04\/Optiray-350-Web2.jpg\" width=\"270\" height=\"533\" alt=\"\" class=\"wp-image-1221 aligncenter size-full\" style=\"display: block; margin-left: auto; margin-right: auto;\" srcset=\"https:\/\/accesofarm.com\/w\/wp-content\/uploads\/2021\/04\/Optiray-350-Web2.jpg 270w, https:\/\/accesofarm.com\/w\/wp-content\/uploads\/2021\/04\/Optiray-350-Web2-152x300.jpg 152w\" sizes=\"(max-width: 270px) 100vw, 270px\" \/><\/p>\n<p>[\/et_pb_tab][et_pb_tab title=\u00bbOPTIRAY 320&#8243; _builder_version=\u00bb4.9.4&#8243; _module_preset=\u00bbdefault\u00bb]<\/p>\n<p style=\"text-align: justify;\">OPTIRAY 320 est\u00e1 indicado en adultos para angiograf\u00eda a trav\u00e9s del sistema cardiovascular.<\/p>\n<p style=\"text-align: justify;\">Los usos incluyen arteriograf\u00eda cerebral, coronaria, perif\u00e9rica, visceral y renal, venograf\u00eda, aortograf\u00eda y ventriculograf\u00eda izquierda. OPTIRAY 320 tambi\u00e9n est\u00e1 indicado para la tomograf\u00eda computarizada con realce del contraste de la cabeza y cuerpo, y urograf\u00eda excretora intravenosa.<\/p>\n<p style=\"text-align: justify;\">OPTIRAY 320 est\u00e1 indicado en ni\u00f1os para angiocardiograf\u00eda, tomograf\u00eda computarizada con realce del contraste de la cabeza y cuerpo, y urograf\u00eda excretora intravenosa.<\/p>\n<p style=\"text-align: justify;\"><img loading=\"lazy\" decoding=\"async\" src=\"https:\/\/accesofarm.com\/w\/wp-content\/uploads\/2021\/04\/optirad320_web-1.jpg\" width=\"270\" height=\"533\" alt=\"\" class=\"wp-image-1231 aligncenter size-full\" srcset=\"https:\/\/accesofarm.com\/w\/wp-content\/uploads\/2021\/04\/optirad320_web-1.jpg 270w, https:\/\/accesofarm.com\/w\/wp-content\/uploads\/2021\/04\/optirad320_web-1-152x300.jpg 152w\" sizes=\"(max-width: 270px) 100vw, 270px\" \/><\/p>\n<p>[\/et_pb_tab][et_pb_tab title=\u00bbOPTIRAY 300&#8243; _builder_version=\u00bb4.9.4&#8243; _module_preset=\u00bbdefault\u00bb]<\/p>\n<p style=\"text-align: justify;\">OPTIRAY 300 est\u00e1 indicado para angiograf\u00eda cerebral y arteriograf\u00eda perif\u00e9rica. OPTIRAY 300 tambi\u00e9n est\u00e1 indicado para la tomograf\u00eda computarizada con realce del contraste de la cabeza y cuerpo, venograf\u00eda y urograf\u00eda excretora intravenosa.<\/p>\n<p style=\"text-align: center;\"><img loading=\"lazy\" decoding=\"async\" src=\"https:\/\/accesofarm.com\/w\/wp-content\/uploads\/2021\/04\/optirad300_web-1.jpg\" width=\"270\" height=\"533\" alt=\"\" class=\"wp-image-1234 aligncenter size-full\" srcset=\"https:\/\/accesofarm.com\/w\/wp-content\/uploads\/2021\/04\/optirad300_web-1.jpg 270w, https:\/\/accesofarm.com\/w\/wp-content\/uploads\/2021\/04\/optirad300_web-1-152x300.jpg 152w\" sizes=\"(max-width: 270px) 100vw, 270px\" \/><\/p>\n<p>[\/et_pb_tab][et_pb_tab title=\u00bbOPTIRAY 240&#8243; _builder_version=\u00bb4.9.4&#8243; _module_preset=\u00bbdefault\u00bb]<\/p>\n<p style=\"text-align: justify;\">OPTIRAY 240 est\u00e1 indicado para angiograf\u00eda cerebral y venograf\u00eda. OPTIRAY 240 tambi\u00e9n est\u00e1 indicado para la tomograf\u00eda computarizada con realce del contraste.<\/p>\n<p style=\"text-align: center;\"><img loading=\"lazy\" decoding=\"async\" src=\"https:\/\/accesofarm.com\/w\/wp-content\/uploads\/2021\/04\/optorad240_web.jpg\" width=\"270\" height=\"533\" alt=\"\" class=\"wp-image-1228 aligncenter size-full\" srcset=\"https:\/\/accesofarm.com\/w\/wp-content\/uploads\/2021\/04\/optorad240_web.jpg 270w, https:\/\/accesofarm.com\/w\/wp-content\/uploads\/2021\/04\/optorad240_web-152x300.jpg 152w\" sizes=\"(max-width: 270px) 100vw, 270px\" \/><\/p>\n<p>[\/et_pb_tab][\/et_pb_tabs][\/et_pb_column][\/et_pb_row][\/et_pb_section][et_pb_section fb_built=\u00bb1&#8243; module_id=\u00bbdotarem\u00bb _builder_version=\u00bb4.9.4&#8243; _module_preset=\u00bbdefault\u00bb use_background_color_gradient=\u00bbon\u00bb background_color_gradient_start=\u00bb#b6208c\u00bb background_color_gradient_end=\u00bb#d584bf\u00bb background_color_gradient_direction=\u00bb140deg\u00bb][et_pb_row column_structure=\u00bb3_5,2_5&#8243; _builder_version=\u00bb4.9.3&#8243; _module_preset=\u00bbdefault\u00bb custom_margin=\u00bb57px|auto||auto||\u00bb][et_pb_column type=\u00bb3_5&#8243; _builder_version=\u00bb4.9.3&#8243; _module_preset=\u00bbdefault\u00bb][et_pb_text module_id=\u00bbdtpa\u00bb _builder_version=\u00bb4.9.4&#8243; _module_preset=\u00bbdefault\u00bb text_text_color=\u00bb#8300E9&#8243; header_text_color=\u00bb#8300E9&#8243; background_layout=\u00bbdark\u00bb]<\/p>\n<h2>DOTAREM\u00ae<br \/>\nIndicaciones terap\u00e9uticas<\/h2>\n<p>[\/et_pb_text][\/et_pb_column][et_pb_column type=\u00bb2_5&#8243; _builder_version=\u00bb4.9.3&#8243; _module_preset=\u00bbdefault\u00bb][\/et_pb_column][\/et_pb_row][\/et_pb_section][et_pb_section fb_built=\u00bb1&#8243; module_id=\u00bbitNanocis\u00bb _builder_version=\u00bb4.9.4&#8243; _module_preset=\u00bbdefault\u00bb][et_pb_row column_structure=\u00bb3_5,2_5&#8243; _builder_version=\u00bb4.9.4&#8243; _module_preset=\u00bbdefault\u00bb][et_pb_column type=\u00bb3_5&#8243; _builder_version=\u00bb4.9.4&#8243; _module_preset=\u00bbdefault\u00bb][et_pb_text _builder_version=\u00bb4.9.4&#8243; _module_preset=\u00bbdefault\u00bb custom_margin=\u00bb2px|||||\u00bb custom_padding=\u00bb0px|||||\u00bb]<\/p>\n<div class=\"et_pb_module et_pb_text et_pb_text_24  et_pb_text_align_left et_pb_bg_layout_light\">\n<div class=\"et_pb_text_inner\">\n<div class=\"et_pb_tab et_pb_tab_11 clearfix et-pb-active-slide\">\n<div class=\"et_pb_tab_content\">\n<div class=\"et_pb_toggle_content clearfix\">\n<div class=\"et_pb_tab et_pb_tab_11 clearfix et-pb-active-slide\">\n<div class=\"et_pb_tab_content\">\n<p>Este medio de contraste es \u00fanicamente para uso diagn\u00f3stico. Exploraci\u00f3n mediante resonancia magn\u00e9tica para:<\/p>\n<ul>\n<li style=\"list-style-type: none;\">\n<ul>\n<li style=\"list-style-type: none;\">\n<ul>\n<li>Patolog\u00eda encef\u00e1lica y raqu\u00eddea<\/li>\n<li>Tumores cerebrales<\/li>\n<li>Tumores del raquis y sus capas<\/li>\n<li>Hernias discales<\/li>\n<li>Patolog\u00eda infecciosa<\/li>\n<li>Patolog\u00eda abdominal<\/li>\n<li>Tumores hep\u00e1ticos primarios y secundarios<\/li>\n<li>Patolog\u00eda osteoarticular<\/li>\n<li>Tumores \u00f3seos y de partes blandas<\/li>\n<li>Patolog\u00eda sinovial<\/li>\n<li>Angioresonancia<\/li>\n<li>Patolog\u00eda de glandula mamaria<\/li>\n<li>Patolog\u00eda cardiaca<\/li>\n<li>Patolog\u00eda Articular<\/li>\n<li>Venograf\u00eda y fistulograf\u00eda por resonancia magn\u00e9tica<\/li>\n<li>Patolog\u00eda del tubo digestivo<\/li>\n<li>Colonoscop\u00eda virtual<\/li>\n<\/ul>\n<\/li>\n<\/ul>\n<\/li>\n<\/ul>\n<\/div>\n<\/div>\n<\/div>\n<\/div>\n<\/div>\n<\/div>\n<\/div>\n<p>[\/et_pb_text][\/et_pb_column][et_pb_column type=\u00bb2_5&#8243; _builder_version=\u00bb4.9.4&#8243; _module_preset=\u00bbdefault\u00bb][et_pb_image src=\u00bbhttps:\/\/accesofarm.com\/w\/wp-content\/uploads\/2021\/04\/Dotarem-Web.jpg\u00bb title_text=\u00bbDotarem Web\u00bb align=\u00bbcenter\u00bb _builder_version=\u00bb4.9.4&#8243; _module_preset=\u00bbdefault\u00bb custom_margin=\u00bb96px|||||\u00bb][\/et_pb_image][\/et_pb_column][\/et_pb_row][\/et_pb_section][et_pb_section fb_built=\u00bb1&#8243; module_id=\u00bbazul\u00bb _builder_version=\u00bb4.9.4&#8243; _module_preset=\u00bbdefault\u00bb use_background_color_gradient=\u00bbon\u00bb background_color_gradient_start=\u00bb#b6208c\u00bb background_color_gradient_end=\u00bb#d584bf\u00bb background_color_gradient_direction=\u00bb140deg\u00bb hover_enabled=\u00bb0&#8243; sticky_enabled=\u00bb0&#8243;][et_pb_row column_structure=\u00bb3_5,2_5&#8243; _builder_version=\u00bb4.9.3&#8243; _module_preset=\u00bbdefault\u00bb custom_margin=\u00bb57px|auto||auto||\u00bb][et_pb_column type=\u00bb3_5&#8243; _builder_version=\u00bb4.9.3&#8243; _module_preset=\u00bbdefault\u00bb][et_pb_text module_id=\u00bbdtpa\u00bb _builder_version=\u00bb4.9.4&#8243; _module_preset=\u00bbdefault\u00bb text_text_color=\u00bb#8300E9&#8243; header_text_color=\u00bb#8300E9&#8243; background_layout=\u00bbdark\u00bb]<\/p>\n<h2>AZUL PATENTE V<br \/>\nIndicaciones terap\u00e9uticas<\/h2>\n<p>[\/et_pb_text][\/et_pb_column][et_pb_column type=\u00bb2_5&#8243; _builder_version=\u00bb4.9.3&#8243; _module_preset=\u00bbdefault\u00bb][\/et_pb_column][\/et_pb_row][\/et_pb_section][et_pb_section fb_built=\u00bb1&#8243; module_id=\u00bbitNanocis\u00bb _builder_version=\u00bb4.9.4&#8243; _module_preset=\u00bbdefault\u00bb][et_pb_row column_structure=\u00bb3_5,2_5&#8243; _builder_version=\u00bb4.9.4&#8243; _module_preset=\u00bbdefault\u00bb][et_pb_column type=\u00bb3_5&#8243; _builder_version=\u00bb4.9.4&#8243; _module_preset=\u00bbdefault\u00bb][et_pb_text _builder_version=\u00bb4.9.4&#8243; _module_preset=\u00bbdefault\u00bb custom_margin=\u00bb2px|||||\u00bb custom_padding=\u00bb0px|||||\u00bb]<\/p>\n<p>Este producto es \u00fanicamente para uso diagn\u00f3stico.<\/p>\n<p>Localizaci\u00f3n de vasos linf\u00e1ticos.<\/p>\n<p>Localizaci\u00f3n del ganglio linf\u00e1tico centinela en pacientes con c\u00e1ncer de mama operable y nodos linf\u00e1ticos cl\u00ednicamente negativos.<\/p>\n<p>Posolog\u00eda y forma de administraci\u00f3n<\/p>\n<p>[\/et_pb_text][\/et_pb_column][et_pb_column type=\u00bb2_5&#8243; _builder_version=\u00bb4.9.4&#8243; _module_preset=\u00bbdefault\u00bb][et_pb_image src=\u00bbhttps:\/\/accesofarm.com\/w\/wp-content\/uploads\/2021\/04\/Azul-Patente-WEB02.jpg\u00bb title_text=\u00bbAzul Patente-WEB02&#8243; align=\u00bbcenter\u00bb _builder_version=\u00bb4.9.4&#8243; _module_preset=\u00bbdefault\u00bb custom_margin=\u00bb38px|||||\u00bb][\/et_pb_image][\/et_pb_column][\/et_pb_row][\/et_pb_section][et_pb_section fb_built=\u00bb1&#8243; module_id=\u00bblipidol\u00bb _builder_version=\u00bb4.9.4&#8243; _module_preset=\u00bbdefault\u00bb use_background_color_gradient=\u00bbon\u00bb background_color_gradient_start=\u00bb#b6208c\u00bb background_color_gradient_end=\u00bb#d584bf\u00bb background_color_gradient_direction=\u00bb140deg\u00bb hover_enabled=\u00bb0&#8243; sticky_enabled=\u00bb0&#8243;][et_pb_row column_structure=\u00bb3_5,2_5&#8243; _builder_version=\u00bb4.9.3&#8243; _module_preset=\u00bbdefault\u00bb custom_margin=\u00bb57px|auto||auto||\u00bb][et_pb_column type=\u00bb3_5&#8243; _builder_version=\u00bb4.9.3&#8243; _module_preset=\u00bbdefault\u00bb][et_pb_text module_id=\u00bbdtpa\u00bb _builder_version=\u00bb4.9.4&#8243; _module_preset=\u00bbdefault\u00bb text_text_color=\u00bb#8300E9&#8243; header_text_color=\u00bb#8300E9&#8243; background_layout=\u00bbdark\u00bb hover_enabled=\u00bb0&#8243; sticky_enabled=\u00bb0&#8243;]<\/p>\n<h2>LIPIODOL<br \/>\nIndicaciones terap\u00e9uticas<\/h2>\n<p>[\/et_pb_text][\/et_pb_column][et_pb_column type=\u00bb2_5&#8243; _builder_version=\u00bb4.9.3&#8243; _module_preset=\u00bbdefault\u00bb][\/et_pb_column][\/et_pb_row][\/et_pb_section][et_pb_section fb_built=\u00bb1&#8243; module_id=\u00bbitNanocis\u00bb _builder_version=\u00bb4.9.4&#8243; _module_preset=\u00bbdefault\u00bb][et_pb_row column_structure=\u00bb3_5,2_5&#8243; _builder_version=\u00bb4.9.4&#8243; _module_preset=\u00bbdefault\u00bb][et_pb_column type=\u00bb3_5&#8243; _builder_version=\u00bb4.9.4&#8243; _module_preset=\u00bbdefault\u00bb][et_pb_text _builder_version=\u00bb4.9.4&#8243; _module_preset=\u00bbdefault\u00bb custom_margin=\u00bb2px|||||\u00bb custom_padding=\u00bb0px|||||\u00bb hover_enabled=\u00bb0&#8243; sticky_enabled=\u00bb0&#8243;]<\/p>\n<p style=\"text-align: justify;\">\u2022Histerosalpingograf\u00eda en adultos<br \/>\u2022 Linfograf\u00eda en pacientes adultos y pedi\u00e1tricos<br \/>\u2022 Uso intraarterial hep\u00e1tico selectivo para la obtenci\u00f3n de im\u00e1genes de tumores en adultos con hepatocelular conocidocarcinoma.<\/p>\n<p>[\/et_pb_text][\/et_pb_column][et_pb_column type=\u00bb2_5&#8243; _builder_version=\u00bb4.9.4&#8243; _module_preset=\u00bbdefault\u00bb][et_pb_image src=\u00bbhttps:\/\/accesofarm.com\/w\/wp-content\/uploads\/2021\/04\/Lipiodol_Web-1.jpg\u00bb title_text=\u00bbLipiodol_Web\u00bb align=\u00bbcenter\u00bb _builder_version=\u00bb4.9.4&#8243; _module_preset=\u00bbdefault\u00bb custom_margin=\u00bb38px|||||\u00bb hover_enabled=\u00bb0&#8243; sticky_enabled=\u00bb0&#8243;][\/et_pb_image][\/et_pb_column][\/et_pb_row][\/et_pb_section][et_pb_section fb_built=\u00bb1&#8243; module_id=\u00bbxenetix\u00bb _builder_version=\u00bb4.9.4&#8243; _module_preset=\u00bbdefault\u00bb use_background_color_gradient=\u00bbon\u00bb background_color_gradient_start=\u00bb#b6208c\u00bb background_color_gradient_end=\u00bb#d584bf\u00bb background_color_gradient_direction=\u00bb140deg\u00bb hover_enabled=\u00bb0&#8243; sticky_enabled=\u00bb0&#8243;][et_pb_row column_structure=\u00bb3_5,2_5&#8243; _builder_version=\u00bb4.9.3&#8243; _module_preset=\u00bbdefault\u00bb custom_margin=\u00bb57px|auto||auto||\u00bb][et_pb_column type=\u00bb3_5&#8243; _builder_version=\u00bb4.9.3&#8243; _module_preset=\u00bbdefault\u00bb][et_pb_text module_id=\u00bbdtpa\u00bb _builder_version=\u00bb4.9.4&#8243; _module_preset=\u00bbdefault\u00bb text_text_color=\u00bb#8300E9&#8243; header_text_color=\u00bb#8300E9&#8243; background_layout=\u00bbdark\u00bb hover_enabled=\u00bb0&#8243; sticky_enabled=\u00bb0&#8243;]<\/p>\n<h2>XENETIX<br \/>\nIndicaciones terap\u00e9uticas<\/h2>\n<p>[\/et_pb_text][\/et_pb_column][et_pb_column type=\u00bb2_5&#8243; _builder_version=\u00bb4.9.3&#8243; _module_preset=\u00bbdefault\u00bb][\/et_pb_column][\/et_pb_row][\/et_pb_section][et_pb_section fb_built=\u00bb1&#8243; module_id=\u00bbitNanocis\u00bb _builder_version=\u00bb4.9.4&#8243; _module_preset=\u00bbdefault\u00bb][et_pb_row column_structure=\u00bb3_5,2_5&#8243; _builder_version=\u00bb4.9.4&#8243; _module_preset=\u00bbdefault\u00bb][et_pb_column type=\u00bb3_5&#8243; _builder_version=\u00bb4.9.4&#8243; _module_preset=\u00bbdefault\u00bb][et_pb_text _builder_version=\u00bb4.9.4&#8243; _module_preset=\u00bbdefault\u00bb custom_margin=\u00bb2px|||||\u00bb custom_padding=\u00bb0px|||||\u00bb hover_enabled=\u00bb0&#8243; sticky_enabled=\u00bb0&#8243;]<\/p>\n<p>Este medio de contraste es \u00fanicamente para uso diagn\u00f3stico.<\/p>\n<p>Medio de contraste destinado a los siguientes usos:<\/p>\n<p>\u2022 Urograf\u00eda intravenosa<br \/>\u2022 Angiograf\u00eda digital por v\u00eda intravenosa<br \/>\u2022 Arteriograf\u00eda<br \/>\u2022 Angiocardiograf\u00eda<br \/>\u2022 Radiolog\u00eda general contrastada<br \/>\u2022 Tomograf\u00edas computadas<br \/>\u2022 Estudios de hemodinamia<\/p>\n<p>[\/et_pb_text][\/et_pb_column][et_pb_column type=\u00bb2_5&#8243; _builder_version=\u00bb4.9.4&#8243; _module_preset=\u00bbdefault\u00bb][et_pb_image src=\u00bbhttps:\/\/accesofarm.com\/w\/wp-content\/uploads\/2021\/04\/Xenetix300-Web2.jpg\u00bb title_text=\u00bbXenetix300 Web2&#8243; align=\u00bbcenter\u00bb _builder_version=\u00bb4.9.4&#8243; _module_preset=\u00bbdefault\u00bb custom_margin=\u00bb38px|||||\u00bb hover_enabled=\u00bb0&#8243; sticky_enabled=\u00bb0&#8243;][\/et_pb_image][\/et_pb_column][\/et_pb_row][\/et_pb_section][et_pb_section fb_built=\u00bb1&#8243; module_id=\u00bbconray\u00bb _builder_version=\u00bb4.9.4&#8243; _module_preset=\u00bbdefault\u00bb use_background_color_gradient=\u00bbon\u00bb background_color_gradient_start=\u00bb#b6208c\u00bb background_color_gradient_end=\u00bb#d584bf\u00bb background_color_gradient_direction=\u00bb140deg\u00bb hover_enabled=\u00bb0&#8243; sticky_enabled=\u00bb0&#8243;][et_pb_row column_structure=\u00bb3_5,2_5&#8243; _builder_version=\u00bb4.9.3&#8243; _module_preset=\u00bbdefault\u00bb custom_margin=\u00bb57px|auto||auto||\u00bb][et_pb_column type=\u00bb3_5&#8243; _builder_version=\u00bb4.9.3&#8243; _module_preset=\u00bbdefault\u00bb][et_pb_text module_id=\u00bbdtpa\u00bb _builder_version=\u00bb4.9.4&#8243; _module_preset=\u00bbdefault\u00bb text_text_color=\u00bb#8300E9&#8243; header_text_color=\u00bb#8300E9&#8243; background_layout=\u00bbdark\u00bb hover_enabled=\u00bb0&#8243; sticky_enabled=\u00bb0&#8243;]<\/p>\n<h2>CONRAY<br \/>\nIndicaciones terap\u00e9uticas<\/h2>\n<p>[\/et_pb_text][\/et_pb_column][et_pb_column type=\u00bb2_5&#8243; _builder_version=\u00bb4.9.3&#8243; _module_preset=\u00bbdefault\u00bb][\/et_pb_column][\/et_pb_row][\/et_pb_section][et_pb_section fb_built=\u00bb1&#8243; module_id=\u00bbitNanocis\u00bb _builder_version=\u00bb4.9.4&#8243; _module_preset=\u00bbdefault\u00bb][et_pb_row column_structure=\u00bb3_5,2_5&#8243; _builder_version=\u00bb4.9.4&#8243; _module_preset=\u00bbdefault\u00bb][et_pb_column type=\u00bb3_5&#8243; _builder_version=\u00bb4.9.4&#8243; _module_preset=\u00bbdefault\u00bb][et_pb_text _builder_version=\u00bb4.9.4&#8243; _module_preset=\u00bbdefault\u00bb custom_margin=\u00bb2px|||||\u00bb custom_padding=\u00bb0px|||||\u00bb hover_enabled=\u00bb0&#8243; sticky_enabled=\u00bb0&#8243;]<\/p>\n<p style=\"text-align: justify;\">CONRAY est\u00e1 indicado para urograf\u00eda excretoria, angiograf\u00eda cerebral, arteriograf\u00eda perif\u00e9rica, venograf\u00eda, artrograf\u00eda, colangiograf\u00eda directa, colangiopancreatograf\u00eda retr\u00f3grada endosc\u00f3pica, realce del contraste de im\u00e1genes cerebrales de tomograf\u00eda computarizada, angiotomograf\u00eda computarizada craneal, angiograf\u00eda por substracci\u00f3n digital intravenosa y angiograf\u00eda por substracci\u00f3n digital arterial.<\/p>\n<p>[\/et_pb_text][\/et_pb_column][et_pb_column type=\u00bb2_5&#8243; _builder_version=\u00bb4.9.4&#8243; _module_preset=\u00bbdefault\u00bb][et_pb_image src=\u00bbhttps:\/\/accesofarm.com\/w\/wp-content\/uploads\/2021\/04\/MDWeb2-1.jpg\u00bb title_text=\u00bbMDWeb2&#8243; align=\u00bbcenter\u00bb _builder_version=\u00bb4.9.4&#8243; _module_preset=\u00bbdefault\u00bb custom_margin=\u00bb38px|||||\u00bb hover_enabled=\u00bb0&#8243; sticky_enabled=\u00bb0&#8243;][\/et_pb_image][\/et_pb_column][\/et_pb_row][\/et_pb_section]<\/p>\n","protected":false},"excerpt":{"rendered":"<p>Indicaciones terap\u00e9uticas OPTIRAY Indicaciones terap\u00e9uticas OPTIRAY 350 est\u00e1 indicado en adultos para arteriograf\u00eda perif\u00e9rica y coronaria y ventriculograf\u00eda izquierda. OPTIRAY 350 tambi\u00e9n est\u00e1 indicado para tomograf\u00eda computarizada con realce del contraste de la cabeza y cuerpo, urograf\u00eda excretora intravenosa, angiograf\u00eda de substracci\u00f3n digital intravenosa y venograf\u00eda. OPTIRAY 350 est\u00e1 indicado en ni\u00f1os para angiocardiograf\u00eda. OPTIRAY [&hellip;]<\/p>\n","protected":false},"author":1,"featured_media":0,"parent":0,"menu_order":0,"comment_status":"closed","ping_status":"closed","template":"","meta":{"_et_pb_use_builder":"on","_et_pb_old_content":"","_et_gb_content_width":"","footnotes":""},"class_list":["post-1590","page","type-page","status-publish","hentry"],"_links":{"self":[{"href":"https:\/\/accesofarm.com\/w\/wp-json\/wp\/v2\/pages\/1590","targetHints":{"allow":["GET"]}}],"collection":[{"href":"https:\/\/accesofarm.com\/w\/wp-json\/wp\/v2\/pages"}],"about":[{"href":"https:\/\/accesofarm.com\/w\/wp-json\/wp\/v2\/types\/page"}],"author":[{"embeddable":true,"href":"https:\/\/accesofarm.com\/w\/wp-json\/wp\/v2\/users\/1"}],"replies":[{"embeddable":true,"href":"https:\/\/accesofarm.com\/w\/wp-json\/wp\/v2\/comments?post=1590"}],"version-history":[{"count":20,"href":"https:\/\/accesofarm.com\/w\/wp-json\/wp\/v2\/pages\/1590\/revisions"}],"predecessor-version":[{"id":1639,"href":"https:\/\/accesofarm.com\/w\/wp-json\/wp\/v2\/pages\/1590\/revisions\/1639"}],"wp:attachment":[{"href":"https:\/\/accesofarm.com\/w\/wp-json\/wp\/v2\/media?parent=1590"}],"curies":[{"name":"wp","href":"https:\/\/api.w.org\/{rel}","templated":true}]}}