{"id":397,"date":"2021-04-08T19:31:58","date_gmt":"2021-04-08T19:31:58","guid":{"rendered":"https:\/\/accesofarm.com\/w\/?page_id=397"},"modified":"2021-04-28T03:01:56","modified_gmt":"2021-04-28T03:01:56","slug":"imagenologia","status":"publish","type":"page","link":"https:\/\/accesofarm.com\/w\/imagenologia\/","title":{"rendered":"Imagenolog\u00eda"},"content":{"rendered":"<p>[et_pb_section fb_built=\u00bb1&#8243; fullwidth=\u00bbon\u00bb _builder_version=\u00bb4.9.3&#8243; _module_preset=\u00bbdefault\u00bb][et_pb_fullwidth_slider use_text_overlay=\u00bboff\u00bb _builder_version=\u00bb4.9.4&#8243; _module_preset=\u00bbdefault\u00bb header_text_color=\u00bb#8300E9&#8243; content_width=\u00bb100%\u00bb height=\u00bb398px\u00bb max_height=\u00bb398px\u00bb custom_margin=\u00bb||2px||false|false\u00bb custom_padding=\u00bb||164px||false|false\u00bb auto=\u00bbon\u00bb header_text_shadow_style=\u00bbpreset3&#8243; header_text_shadow_color=\u00bb#FFFFFF\u00bb][et_pb_slide heading=\u00bbImagenolog\u00eda\u00bb use_text_overlay=\u00bbon\u00bb text_overlay_color=\u00bbrgba(255,255,255,0.69)\u00bb text_border_radius=\u00bb30px\u00bb _builder_version=\u00bb4.9.4&#8243; _module_preset=\u00bbdefault\u00bb header_text_color=\u00bb#b6208c\u00bb body_text_color=\u00bb#000000&#8243; background_enable_color=\u00bboff\u00bb background_image=\u00bbhttps:\/\/accesofarm.com\/w\/wp-content\/uploads\/2021\/04\/imagen_portada_Web.jpg\u00bb background_enable_image=\u00bbon\u00bb custom_button=\u00bbon\u00bb button_text_size=\u00bb25px\u00bb button_text_color=\u00bb#FFFFFF\u00bb button_bg_color=\u00bb#b6208c\u00bb button_border_color=\u00bbRGBA(0,0,0,0)\u00bb button_border_radius=\u00bb13px\u00bb custom_padding=\u00bb0px||0px||false|false\u00bb sticky_transition=\u00bbon\u00bb]Contamos con una amplia gama de medios de contraste para los distintos procedimientos de imagen en Rayos X, Tomograf\u00eda Computada, Hemodinamia y Resonancia Magn\u00e9tica, incluyendo los accesorios necesarios.<\/p>\n<\/div>\n<\/div>\n<p>[\/et_pb_slide][\/et_pb_fullwidth_slider][\/et_pb_section][et_pb_section fb_built=\u00bb1&#8243; module_id=\u00bbtomografia\u00bb _builder_version=\u00bb4.9.4&#8243; _module_preset=\u00bbdefault\u00bb use_background_color_gradient=\u00bbon\u00bb background_color_gradient_start=\u00bb#b6208c\u00bb background_color_gradient_end=\u00bb#d584bf\u00bb background_color_gradient_direction=\u00bb140deg\u00bb min_height=\u00bb105.2px\u00bb custom_padding=\u00bb||0px|||\u00bb][et_pb_row _builder_version=\u00bb4.9.3&#8243; _module_preset=\u00bbdefault\u00bb custom_margin=\u00bb-14px|auto||auto||\u00bb custom_padding=\u00bb18px||18px||true|\u00bb][et_pb_column type=\u00bb4_4&#8243; _builder_version=\u00bb4.9.3&#8243; _module_preset=\u00bbdefault\u00bb][et_pb_text _builder_version=\u00bb4.9.4&#8243; _module_preset=\u00bbdefault\u00bb background_layout=\u00bbdark\u00bb custom_margin=\u00bb15px|||||\u00bb custom_padding=\u00bb||8px|||\u00bb]<\/p>\n<h2 style=\"text-align: center;\">Tomograf\u00eda<\/h2>\n<p>[\/et_pb_text][\/et_pb_column][\/et_pb_row][\/et_pb_section][et_pb_section fb_built=\u00bb1&#8243; _builder_version=\u00bb4.9.3&#8243; _module_preset=\u00bbdefault\u00bb background_enable_color=\u00bboff\u00bb][et_pb_row column_structure=\u00bb1_2,1_2&#8243; _builder_version=\u00bb4.9.3&#8243; _module_preset=\u00bbdefault\u00bb width=\u00bb100%\u00bb max_width=\u00bb1583px\u00bb min_height=\u00bb1042.3px\u00bb custom_margin=\u00bb|auto|1px|auto||\u00bb custom_padding=\u00bb3px||43px|||\u00bb][et_pb_column type=\u00bb1_2&#8243; _builder_version=\u00bb4.9.3&#8243; _module_preset=\u00bbdefault\u00bb][et_pb_image src=\u00bbhttps:\/\/accesofarm.com\/w\/wp-content\/uploads\/2021\/04\/MDWeb2-1.jpg\u00bb title_text=\u00bbMDWeb2&#8243; url=\u00bbhttps:\/\/accesofarm.com\/w\/imagenologia-it\/#conray\u00bb use_overlay=\u00bbon\u00bb overlay_icon_color=\u00bbRGBA(0,0,0,0)\u00bb hover_overlay_color=\u00bbrgba(255,255,255,0.5)\u00bb align=\u00bbcenter\u00bb _builder_version=\u00bb4.9.4&#8243; _module_preset=\u00bbdefault\u00bb custom_margin=\u00bb11px||-7px|||\u00bb custom_padding=\u00bb||30px|||\u00bb][\/et_pb_image][et_pb_text _builder_version=\u00bb4.9.4&#8243; _module_preset=\u00bbdefault\u00bb background_color=\u00bb#4cb6e8&#8243; module_alignment=\u00bbcenter\u00bb custom_margin=\u00bb||||false|false\u00bb]<\/p>\n<h3 style=\"text-align: center;\"><\/h3>\n<h3 style=\"text-align: center;\">Conray<\/h3>\n<p>[\/et_pb_text][et_pb_image src=\u00bbhttps:\/\/accesofarm.com\/w\/wp-content\/uploads\/2021\/04\/optirad300_web-1.jpg\u00bb title_text=\u00bboptirad300_web\u00bb url=\u00bbhttps:\/\/accesofarm.com\/w\/imagenologia-it\/#optiray\u00bb use_overlay=\u00bbon\u00bb overlay_icon_color=\u00bbRGBA(0,0,0,0)\u00bb hover_overlay_color=\u00bbrgba(255,255,255,0.5)\u00bb align=\u00bbcenter\u00bb _builder_version=\u00bb4.9.4&#8243; _module_preset=\u00bbdefault\u00bb height=\u00bb450px\u00bb max_height=\u00bb450px\u00bb custom_margin=\u00bb-15px||-7px|||\u00bb][\/et_pb_image][et_pb_text _builder_version=\u00bb4.9.4&#8243; _module_preset=\u00bbdefault\u00bb background_color=\u00bb#9ccbb6&#8243; module_alignment=\u00bbcenter\u00bb custom_margin=\u00bb11px||0px||false|false\u00bb custom_padding=\u00bb||||false|false\u00bb]<\/p>\n<h3 style=\"text-align: center;\"><\/h3>\n<h3 style=\"text-align: center;\">Optiray<\/h3>\n<p>[\/et_pb_text][\/et_pb_column][et_pb_column type=\u00bb1_2&#8243; _builder_version=\u00bb4.9.3&#8243; _module_preset=\u00bbdefault\u00bb][et_pb_image src=\u00bbhttps:\/\/accesofarm.com\/w\/wp-content\/uploads\/2021\/04\/Gastroview_Web.jpg\u00bb title_text=\u00bbGastroview_Web\u00bb _builder_version=\u00bb4.9.4&#8243; _module_preset=\u00bbdefault\u00bb custom_margin=\u00bb||-3px|||\u00bb][\/et_pb_image][et_pb_text _builder_version=\u00bb4.9.4&#8243; _module_preset=\u00bbdefault\u00bb background_color=\u00bb#9ccbb6&#8243; module_alignment=\u00bbcenter\u00bb custom_margin=\u00bb||||false|false\u00bb custom_padding=\u00bb||||false|false\u00bb]<\/p>\n<h3 style=\"text-align: center;\"><\/h3>\n<h3 style=\"text-align: center;\">Gastroview<\/h3>\n<p>[\/et_pb_text][et_pb_image src=\u00bbhttps:\/\/accesofarm.com\/w\/wp-content\/uploads\/2021\/04\/Xenetix-350-Web2.jpg\u00bb title_text=\u00bbXenetix 350 Web2&#8243; url=\u00bbhttps:\/\/accesofarm.com\/w\/imagenologia-it\/#xenetix\u00bb use_overlay=\u00bbon\u00bb overlay_icon_color=\u00bbRGBA(0,0,0,0)\u00bb hover_overlay_color=\u00bbrgba(255,255,255,0.5)\u00bb align=\u00bbcenter\u00bb _builder_version=\u00bb4.9.4&#8243; _module_preset=\u00bbdefault\u00bb module_alignment=\u00bbcenter\u00bb max_height=\u00bb440px\u00bb custom_margin=\u00bb-15px||-7px|||\u00bb][\/et_pb_image][et_pb_text _builder_version=\u00bb4.9.4&#8243; _module_preset=\u00bbdefault\u00bb background_color=\u00bb#c7eeb6&#8243; module_alignment=\u00bbcenter\u00bb custom_margin=\u00bb14px||||false|false\u00bb custom_padding=\u00bb||||false|false\u00bb]<\/p>\n<h3 style=\"text-align: center;\"><\/h3>\n<h3 style=\"text-align: center;\">Xenetix<\/h3>\n<p>[\/et_pb_text][\/et_pb_column][\/et_pb_row][\/et_pb_section][et_pb_section fb_built=\u00bb1&#8243; module_id=\u00bbresonancia\u00bb _builder_version=\u00bb4.9.4&#8243; _module_preset=\u00bbdefault\u00bb use_background_color_gradient=\u00bbon\u00bb background_color_gradient_start=\u00bb#b6208c\u00bb background_color_gradient_end=\u00bb#d584bf\u00bb background_color_gradient_direction=\u00bb140deg\u00bb min_height=\u00bb105.2px\u00bb custom_margin=\u00bb-79px|||||\u00bb custom_padding=\u00bb||0px|||\u00bb][et_pb_row _builder_version=\u00bb4.9.3&#8243; _module_preset=\u00bbdefault\u00bb custom_margin=\u00bb0px|auto||auto||\u00bb custom_padding=\u00bb18px||18px||true|\u00bb][et_pb_column type=\u00bb4_4&#8243; _builder_version=\u00bb4.9.3&#8243; _module_preset=\u00bbdefault\u00bb][et_pb_text _builder_version=\u00bb4.9.4&#8243; _module_preset=\u00bbdefault\u00bb background_layout=\u00bbdark\u00bb custom_margin=\u00bb15px|||||\u00bb custom_padding=\u00bb||8px|||\u00bb]<\/p>\n<h2 style=\"text-align: center;\">Resonancia Magn\u00e9tica<\/strong><\/h2>\n<p>[\/et_pb_text][\/et_pb_column][\/et_pb_row][\/et_pb_section][et_pb_section fb_built=\u00bb1&#8243; _builder_version=\u00bb4.9.3&#8243; _module_preset=\u00bbdefault\u00bb background_enable_color=\u00bboff\u00bb custom_margin=\u00bb||151px|||\u00bb][et_pb_row column_structure=\u00bb1_2,1_2&#8243; _builder_version=\u00bb4.9.3&#8243; _module_preset=\u00bbdefault\u00bb width=\u00bb100%\u00bb max_width=\u00bb1583px\u00bb custom_margin=\u00bb|auto|59px|auto||\u00bb custom_padding=\u00bb3px|||||\u00bb][et_pb_column type=\u00bb1_2&#8243; _builder_version=\u00bb4.9.3&#8243; _module_preset=\u00bbdefault\u00bb][et_pb_image src=\u00bbhttps:\/\/accesofarm.com\/w\/wp-content\/uploads\/2021\/04\/Dotarem-Web.jpg\u00bb title_text=\u00bbDotarem Web\u00bb url=\u00bbhttps:\/\/accesofarm.com\/w\/imagenologia-it\/#dotarem\u00bb use_overlay=\u00bbon\u00bb overlay_icon_color=\u00bbRGBA(0,0,0,0)\u00bb hover_overlay_color=\u00bbrgba(255,255,255,0.5)\u00bb _builder_version=\u00bb4.9.4&#8243; _module_preset=\u00bbdefault\u00bb custom_margin=\u00bb11px||-7px|||\u00bb][\/et_pb_image][et_pb_text _builder_version=\u00bb4.9.4&#8243; _module_preset=\u00bbdefault\u00bb background_color=\u00bb#0eb5ed\u00bb module_alignment=\u00bbcenter\u00bb custom_margin=\u00bb||||false|false\u00bb custom_padding=\u00bb||||false|false\u00bb]<\/p>\n<h3 style=\"text-align: center;\"><\/h3>\n<h3 style=\"text-align: center;\">Dotarem<\/h3>\n<p>[\/et_pb_text][\/et_pb_column][et_pb_column type=\u00bb1_2&#8243; _builder_version=\u00bb4.9.3&#8243; _module_preset=\u00bbdefault\u00bb][\/et_pb_column][\/et_pb_row][\/et_pb_section][et_pb_section fb_built=\u00bb1&#8243; module_id=\u00bbinterven\u00bb _builder_version=\u00bb4.9.4&#8243; _module_preset=\u00bbdefault\u00bb use_background_color_gradient=\u00bbon\u00bb background_color_gradient_start=\u00bb#b6208c\u00bb background_color_gradient_end=\u00bb#d584bf\u00bb background_color_gradient_direction=\u00bb140deg\u00bb min_height=\u00bb105.2px\u00bb custom_margin=\u00bb-79px|||||\u00bb custom_padding=\u00bb||0px|||\u00bb][et_pb_row _builder_version=\u00bb4.9.3&#8243; _module_preset=\u00bbdefault\u00bb custom_margin=\u00bb-11px|auto||auto||\u00bb custom_padding=\u00bb18px||18px||true|\u00bb][et_pb_column type=\u00bb4_4&#8243; _builder_version=\u00bb4.9.3&#8243; _module_preset=\u00bbdefault\u00bb][et_pb_text _builder_version=\u00bb4.9.4&#8243; _module_preset=\u00bbdefault\u00bb background_layout=\u00bbdark\u00bb custom_margin=\u00bb15px|||||\u00bb custom_padding=\u00bb||8px|||\u00bb]<\/p>\n<h2 style=\"text-align: center;\">Intervencionismo<\/strong><\/h2>\n<p>[\/et_pb_text][\/et_pb_column][\/et_pb_row][\/et_pb_section][et_pb_section fb_built=\u00bb1&#8243; _builder_version=\u00bb4.9.3&#8243; _module_preset=\u00bbdefault\u00bb background_enable_color=\u00bboff\u00bb custom_margin=\u00bb||63px|||\u00bb][et_pb_row column_structure=\u00bb1_2,1_2&#8243; _builder_version=\u00bb4.9.3&#8243; _module_preset=\u00bbdefault\u00bb width=\u00bb100%\u00bb max_width=\u00bb1583px\u00bb custom_margin=\u00bb|auto|59px|auto||\u00bb custom_padding=\u00bb3px|||||\u00bb][et_pb_column type=\u00bb1_2&#8243; _builder_version=\u00bb4.9.3&#8243; _module_preset=\u00bbdefault\u00bb][et_pb_image src=\u00bbhttps:\/\/accesofarm.com\/w\/wp-content\/uploads\/2021\/04\/Lipiodol_Web-1.jpg\u00bb title_text=\u00bbLipiodol_Web\u00bb url=\u00bbhttps:\/\/accesofarm.com\/w\/imagenologia-it\/#lipidol\u00bb use_overlay=\u00bbon\u00bb overlay_icon_color=\u00bbRGBA(0,0,0,0)\u00bb hover_overlay_color=\u00bbrgba(255,255,255,0.5)\u00bb _builder_version=\u00bb4.9.4&#8243; _module_preset=\u00bbdefault\u00bb custom_margin=\u00bb11px||-7px|||\u00bb][\/et_pb_image][et_pb_text _builder_version=\u00bb4.9.4&#8243; _module_preset=\u00bbdefault\u00bb background_color=\u00bb#c382d0&#8243; module_alignment=\u00bbcenter\u00bb custom_margin=\u00bb||||false|false\u00bb]<\/p>\n<h3 style=\"text-align: center;\"><\/h3>\n<h3 style=\"text-align: center;\">Lipiodol<\/h3>\n<p>[\/et_pb_text][\/et_pb_column][et_pb_column type=\u00bb1_2&#8243; _builder_version=\u00bb4.9.3&#8243; _module_preset=\u00bbdefault\u00bb][et_pb_image src=\u00bbhttps:\/\/accesofarm.com\/w\/wp-content\/uploads\/2021\/04\/Azul-Patente-WEB02.jpg\u00bb title_text=\u00bbAzul Patente-WEB02&#8243; url=\u00bbhttps:\/\/accesofarm.com\/w\/imagenologia-it\/#azul\u00bb use_overlay=\u00bbon\u00bb overlay_icon_color=\u00bbRGBA(0,0,0,0)\u00bb hover_overlay_color=\u00bbrgba(255,255,255,0.5)\u00bb _builder_version=\u00bb4.9.4&#8243; _module_preset=\u00bbdefault\u00bb custom_margin=\u00bb-3px||-7px|||\u00bb][\/et_pb_image][et_pb_text _builder_version=\u00bb4.9.4&#8243; _module_preset=\u00bbdefault\u00bb background_color=\u00bb#3f9fbf\u00bb module_alignment=\u00bbcenter\u00bb custom_margin=\u00bb||||false|false\u00bb custom_padding=\u00bb||||false|false\u00bb]<\/p>\n<h3 style=\"text-align: center;\"><\/h3>\n<h3 style=\"text-align: center;\">Azul patente<\/h3>\n<p>[\/et_pb_text][\/et_pb_column][\/et_pb_row][\/et_pb_section][et_pb_section fb_built=\u00bb1&#8243; _builder_version=\u00bb4.9.4&#8243; _module_preset=\u00bbdefault\u00bb][\/et_pb_section][et_pb_section fb_built=\u00bb1&#8243; module_id=\u00bbaccesorios\u00bb _builder_version=\u00bb4.9.4&#8243; _module_preset=\u00bbdefault\u00bb use_background_color_gradient=\u00bbon\u00bb background_color_gradient_start=\u00bb#b6208c\u00bb background_color_gradient_end=\u00bb#d584bf\u00bb background_color_gradient_direction=\u00bb140deg\u00bb min_height=\u00bb105.2px\u00bb custom_margin=\u00bb-91px|||||\u00bb custom_padding=\u00bb||0px|||\u00bb][et_pb_row _builder_version=\u00bb4.9.3&#8243; _module_preset=\u00bbdefault\u00bb custom_margin=\u00bb-25px|auto||auto||\u00bb custom_padding=\u00bb18px||18px||true|\u00bb][et_pb_column type=\u00bb4_4&#8243; _builder_version=\u00bb4.9.3&#8243; _module_preset=\u00bbdefault\u00bb][et_pb_text _builder_version=\u00bb4.9.4&#8243; _module_preset=\u00bbdefault\u00bb background_layout=\u00bbdark\u00bb custom_margin=\u00bb15px|||||\u00bb custom_padding=\u00bb||8px|||\u00bb]<\/p>\n<h2 style=\"text-align: center;\">Accesorios<\/strong><\/h2>\n<p>[\/et_pb_text][\/et_pb_column][\/et_pb_row][\/et_pb_section][et_pb_section fb_built=\u00bb1&#8243; _builder_version=\u00bb4.9.3&#8243; _module_preset=\u00bbdefault\u00bb background_enable_color=\u00bboff\u00bb][et_pb_row column_structure=\u00bb1_2,1_2&#8243; _builder_version=\u00bb4.9.3&#8243; _module_preset=\u00bbdefault\u00bb width=\u00bb100%\u00bb max_width=\u00bb1583px\u00bb custom_margin=\u00bb|auto|59px|auto||\u00bb custom_padding=\u00bb3px|||||\u00bb][et_pb_column type=\u00bb1_2&#8243; _builder_version=\u00bb4.9.3&#8243; _module_preset=\u00bbdefault\u00bb][et_pb_text _builder_version=\u00bb4.9.4&#8243; _module_preset=\u00bbdefault\u00bb custom_margin=\u00bb55px|||||\u00bb custom_padding=\u00bb|||149px||\u00bb]<\/p>\n<p>Jeringas vac\u00edas 200 ml para ct 9000<\/p>\n<p>Jeringas vac\u00edas 60 ml Optistar para resonancia magn\u00e9tica<\/p>\n<p>Conectores en y con doble v\u00e1lvula antirreflujo de 60\u00b4\u00b4<\/p>\n<p>Set de transferencia<\/p>\n<p>[\/et_pb_text][\/et_pb_column][et_pb_column type=\u00bb1_2&#8243; _builder_version=\u00bb4.9.3&#8243; _module_preset=\u00bbdefault\u00bb][et_pb_image src=\u00bbhttps:\/\/accesofarm.com\/w\/wp-content\/uploads\/2021\/04\/Accesorios-Web-4.jpg\u00bb title_text=\u00bbAccesorios Web- 4&#8243; _builder_version=\u00bb4.9.4&#8243; _module_preset=\u00bbdefault\u00bb custom_margin=\u00bb11px||-7px|||\u00bb][\/et_pb_image][\/et_pb_column][\/et_pb_row][\/et_pb_section][et_pb_section fb_built=\u00bb1&#8243; module_id=\u00bbbaritados\u00bb _builder_version=\u00bb4.9.4&#8243; _module_preset=\u00bbdefault\u00bb use_background_color_gradient=\u00bbon\u00bb background_color_gradient_start=\u00bb#b6208c\u00bb background_color_gradient_end=\u00bb#d584bf\u00bb background_color_gradient_direction=\u00bb140deg\u00bb min_height=\u00bb105.2px\u00bb custom_padding=\u00bb||0px|||\u00bb][et_pb_row _builder_version=\u00bb4.9.3&#8243; _module_preset=\u00bbdefault\u00bb custom_margin=\u00bb14px|auto||auto||\u00bb custom_padding=\u00bb0px||0px||true|\u00bb][et_pb_column type=\u00bb4_4&#8243; _builder_version=\u00bb4.9.3&#8243; _module_preset=\u00bbdefault\u00bb][et_pb_text _builder_version=\u00bb4.9.4&#8243; _module_preset=\u00bbdefault\u00bb background_layout=\u00bbdark\u00bb custom_margin=\u00bb15px|||||\u00bb custom_padding=\u00bb||8px|||\u00bb]<\/p>\n<h2 style=\"text-align: center;\">Baritados<\/h2>\n<p>[\/et_pb_text][\/et_pb_column][\/et_pb_row][\/et_pb_section][et_pb_section fb_built=\u00bb1&#8243; _builder_version=\u00bb4.9.4&#8243; _module_preset=\u00bbdefault\u00bb][et_pb_row column_structure=\u00bb1_2,1_2&#8243; _builder_version=\u00bb4.9.3&#8243; _module_preset=\u00bbdefault\u00bb width=\u00bb100%\u00bb max_width=\u00bb1583px\u00bb custom_margin=\u00bb|auto|59px|auto||\u00bb custom_padding=\u00bb3px||0px|||\u00bb][et_pb_column type=\u00bb1_2&#8243; _builder_version=\u00bb4.9.3&#8243; _module_preset=\u00bbdefault\u00bb][et_pb_text _builder_version=\u00bb4.9.4&#8243; _module_preset=\u00bbdefault\u00bb custom_margin=\u00bb55px|||||\u00bb custom_padding=\u00bb|||149px||\u00bb]<\/p>\n<p style=\"text-align: justify;\">Bolsa de sulfato de bario de 454 gr. Con kit para estudios de colon por enema.<\/p>\n<p>[\/et_pb_text][\/et_pb_column][et_pb_column type=\u00bb1_2&#8243; _builder_version=\u00bb4.9.3&#8243; _module_preset=\u00bbdefault\u00bb][et_pb_image src=\u00bbhttps:\/\/accesofarm.com\/w\/wp-content\/uploads\/2021\/04\/Microbar-HD.jpg\u00bb title_text=\u00bbMicrobar HD\u00bb align=\u00bbcenter\u00bb _builder_version=\u00bb4.9.4&#8243; _module_preset=\u00bbdefault\u00bb custom_margin=\u00bb11px||-7px|||\u00bb][\/et_pb_image][\/et_pb_column][\/et_pb_row][\/et_pb_section]<\/p>\n","protected":false},"excerpt":{"rendered":"<p>Contamos con una amplia gama de medios de contraste para los distintos procedimientos de imagen en Rayos X, Tomograf\u00eda Computada, Hemodinamia y Resonancia Magn\u00e9tica, incluyendo los accesorios necesarios. Tomograf\u00eda Conray Optiray Gastroview XenetixResonancia Magn\u00e9tica DotaremIntervencionismo Lipiodol Azul patenteAccesoriosJeringas vac\u00edas 200 ml para ct 9000 Jeringas vac\u00edas 60 ml Optistar para resonancia magn\u00e9tica Conectores en y [&hellip;]<\/p>\n","protected":false},"author":1,"featured_media":0,"parent":0,"menu_order":0,"comment_status":"closed","ping_status":"closed","template":"","meta":{"_et_pb_use_builder":"on","_et_pb_old_content":"","_et_gb_content_width":"","footnotes":""},"class_list":["post-397","page","type-page","status-publish","hentry"],"_links":{"self":[{"href":"https:\/\/accesofarm.com\/w\/wp-json\/wp\/v2\/pages\/397","targetHints":{"allow":["GET"]}}],"collection":[{"href":"https:\/\/accesofarm.com\/w\/wp-json\/wp\/v2\/pages"}],"about":[{"href":"https:\/\/accesofarm.com\/w\/wp-json\/wp\/v2\/types\/page"}],"author":[{"embeddable":true,"href":"https:\/\/accesofarm.com\/w\/wp-json\/wp\/v2\/users\/1"}],"replies":[{"embeddable":true,"href":"https:\/\/accesofarm.com\/w\/wp-json\/wp\/v2\/comments?post=397"}],"version-history":[{"count":112,"href":"https:\/\/accesofarm.com\/w\/wp-json\/wp\/v2\/pages\/397\/revisions"}],"predecessor-version":[{"id":2043,"href":"https:\/\/accesofarm.com\/w\/wp-json\/wp\/v2\/pages\/397\/revisions\/2043"}],"wp:attachment":[{"href":"https:\/\/accesofarm.com\/w\/wp-json\/wp\/v2\/media?parent=397"}],"curies":[{"name":"wp","href":"https:\/\/api.w.org\/{rel}","templated":true}]}}